{"id":96,"date":"2017-04-03T12:54:41","date_gmt":"2017-04-03T10:54:41","guid":{"rendered":"http:\/\/wordpress.missgriff.org\/?page_id=96"},"modified":"2018-10-02T14:24:06","modified_gmt":"2018-10-02T12:24:06","slug":"travaux-publics","status":"publish","type":"page","link":"http:\/\/wordpress.missgriff.org\/?page_id=96","title":{"rendered":"Travaux Publics"},"content":{"rendered":"<p><span style=\"font-family: helvetica,arial,sans-serif;\"><img loading=\"lazy\" class=\"size-full wp-image-2055 alignnone\" src=\"http:\/\/wordpress.missgriff.org\/wp-content\/uploads\/2018\/01\/travaux-publics.jpg\" alt=\"\" width=\"249\" height=\"117\" srcset=\"http:\/\/wordpress.missgriff.org\/wp-content\/uploads\/2018\/01\/travaux-publics.jpg 249w, http:\/\/wordpress.missgriff.org\/wp-content\/uploads\/2018\/01\/travaux-publics-230x108.jpg 230w\" sizes=\"(max-width: 249px) 100vw, 249px\" \/><\/span><\/p>\n<p><span style=\"font-size: 14pt; color: #800080;\"><strong><span style=\"font-family: helvetica,arial,sans-serif;\"> <img loading=\"lazy\" class=\"size-full wp-image-1963 alignnone\" src=\"http:\/\/wordpress.missgriff.org\/wp-content\/uploads\/2017\/12\/bandjaun.jpg\" alt=\"\" width=\"1045\" height=\"20\" srcset=\"http:\/\/wordpress.missgriff.org\/wp-content\/uploads\/2017\/12\/bandjaun.jpg 1045w, http:\/\/wordpress.missgriff.org\/wp-content\/uploads\/2017\/12\/bandjaun-768x15.jpg 768w, http:\/\/wordpress.missgriff.org\/wp-content\/uploads\/2017\/12\/bandjaun-830x16.jpg 830w, http:\/\/wordpress.missgriff.org\/wp-content\/uploads\/2017\/12\/bandjaun-230x4.jpg 230w, http:\/\/wordpress.missgriff.org\/wp-content\/uploads\/2017\/12\/bandjaun-350x7.jpg 350w, http:\/\/wordpress.missgriff.org\/wp-content\/uploads\/2017\/12\/bandjaun-480x9.jpg 480w\" sizes=\"(max-width: 1045px) 100vw, 1045px\" \/><br \/>\n<\/span><\/strong><\/span><span style=\"font-size: 14pt; color: #800080;\"><strong><span style=\"font-family: helvetica,arial,sans-serif;\">CE CHANTIER \u00ab POUR LES CITOYENS QUI VEULENT BIEN DEVENIR DES ARTISTES \u00bb S\u2019EST OUVERT EN 2006 AUTOUR DE LA QUESTION&nbsp;\u00ab QU\u2019EST-CE QUI PEUT BIEN ENCORE NOUS RASSEMBLER, ON SE LE DEMANDE ? \u00bb ET SE DEMANDE AUJOURD\u2019HUI : \u00ab C\u2019EST QUOI HABITER LE MONDE ? \u00bb<\/span><\/strong><\/span><span style=\"font-family: helvetica,arial,sans-serif;\"><br \/>\n<img loading=\"lazy\" class=\"size-full wp-image-1963 alignnone\" src=\"http:\/\/wordpress.missgriff.org\/wp-content\/uploads\/2017\/12\/bandjaun.jpg\" alt=\"\" width=\"1045\" height=\"20\" srcset=\"http:\/\/wordpress.missgriff.org\/wp-content\/uploads\/2017\/12\/bandjaun.jpg 1045w, http:\/\/wordpress.missgriff.org\/wp-content\/uploads\/2017\/12\/bandjaun-768x15.jpg 768w, http:\/\/wordpress.missgriff.org\/wp-content\/uploads\/2017\/12\/bandjaun-830x16.jpg 830w, http:\/\/wordpress.missgriff.org\/wp-content\/uploads\/2017\/12\/bandjaun-230x4.jpg 230w, http:\/\/wordpress.missgriff.org\/wp-content\/uploads\/2017\/12\/bandjaun-350x7.jpg 350w, http:\/\/wordpress.missgriff.org\/wp-content\/uploads\/2017\/12\/bandjaun-480x9.jpg 480w\" sizes=\"(max-width: 1045px) 100vw, 1045px\" \/><\/span><\/p>\n<p><span style=\"font-family: helvetica,arial,sans-serif; font-size: 10pt;\"><div id=\"metaslider-id-1032\" style=\"max-width: 1920px;\" class=\"ml-slider-3-101-0 metaslider metaslider-nivo metaslider-1032 ml-slider ms-theme-nivo-bar\" role=\"region\" aria-label=\"Nouveau diaporama\" data-height=\"1080\" data-width=\"1920\">\n    <div id=\"metaslider_container_1032\">\n        <div class='slider-wrapper theme-default'><div class='ribbon'><\/div><div id='metaslider_1032' class='nivoSlider'><img src=\"http:\/\/wordpress.missgriff.org\/wp-content\/uploads\/2017\/05\/tpublics01.jpg\" height=\"1080\" width=\"1920\" alt=\"\" class=\"slider-1032 slide-1043 msDefaultImage\" \/><img src=\"http:\/\/wordpress.missgriff.org\/wp-content\/uploads\/2017\/05\/tpublics07-1920x1080.jpg\" height=\"1080\" width=\"1920\" alt=\"\" class=\"slider-1032 slide-1037 msDefaultImage\" \/><img src=\"http:\/\/wordpress.missgriff.org\/wp-content\/uploads\/2017\/05\/tpublics09-1920x1080.jpg\" height=\"1080\" width=\"1920\" alt=\"\" class=\"slider-1032 slide-1035 msDefaultImage\" \/><img src=\"http:\/\/wordpress.missgriff.org\/wp-content\/uploads\/2017\/10\/TP11.jpg\" height=\"1080\" width=\"1920\" alt=\"\" class=\"slider-1032 slide-1161 msDefaultImage\" \/><img src=\"http:\/\/wordpress.missgriff.org\/wp-content\/uploads\/2017\/05\/tpublics10.jpg\" height=\"1080\" width=\"1920\" alt=\"\" class=\"slider-1032 slide-1034 msDefaultImage\" \/><img src=\"http:\/\/wordpress.missgriff.org\/wp-content\/uploads\/2017\/05\/tpublics08-1704x958.jpg\" height=\"1080\" width=\"1920\" alt=\"\" class=\"slider-1032 slide-1036 msDefaultImage\" \/><img src=\"http:\/\/wordpress.missgriff.org\/wp-content\/uploads\/2017\/05\/tpublics06-1704x958.jpg\" height=\"1080\" width=\"1920\" alt=\"\" class=\"slider-1032 slide-1038 msDefaultImage\" \/><img src=\"http:\/\/wordpress.missgriff.org\/wp-content\/uploads\/2017\/05\/tpublics04.jpg\" height=\"1080\" width=\"1920\" alt=\"\" class=\"slider-1032 slide-1040 msDefaultImage\" \/><img src=\"http:\/\/wordpress.missgriff.org\/wp-content\/uploads\/2017\/10\/Totem-ferme.jpg\" height=\"1080\" width=\"1920\" alt=\"\" class=\"slider-1032 slide-1163 msDefaultImage\" \/><img src=\"http:\/\/wordpress.missgriff.org\/wp-content\/uploads\/2017\/05\/tpublics02.jpg\" height=\"1080\" width=\"1920\" alt=\"\" class=\"slider-1032 slide-1041 msDefaultImage\" \/><img src=\"http:\/\/wordpress.missgriff.org\/wp-content\/uploads\/2017\/05\/tpublics01bis.jpg\" height=\"1080\" width=\"1920\" alt=\"\" class=\"slider-1032 slide-1042 msDefaultImage\" \/><\/div><\/div>\n        \n    <\/div>\n<\/div><\/span><\/p>\n<p><span style=\"font-family: helvetica,arial,sans-serif;\"><img loading=\"lazy\" class=\"alignright wp-image-1967 size-full\" src=\"http:\/\/wordpress.missgriff.org\/wp-content\/uploads\/2017\/12\/bandnoir.jpg\" alt=\"\" width=\"1045\" height=\"10\" srcset=\"http:\/\/wordpress.missgriff.org\/wp-content\/uploads\/2017\/12\/bandnoir.jpg 1045w, http:\/\/wordpress.missgriff.org\/wp-content\/uploads\/2017\/12\/bandnoir-768x7.jpg 768w, http:\/\/wordpress.missgriff.org\/wp-content\/uploads\/2017\/12\/bandnoir-830x8.jpg 830w, http:\/\/wordpress.missgriff.org\/wp-content\/uploads\/2017\/12\/bandnoir-230x2.jpg 230w, http:\/\/wordpress.missgriff.org\/wp-content\/uploads\/2017\/12\/bandnoir-350x3.jpg 350w, http:\/\/wordpress.missgriff.org\/wp-content\/uploads\/2017\/12\/bandnoir-480x5.jpg 480w\" sizes=\"(max-width: 1045px) 100vw, 1045px\" \/><\/span><\/p>\n<p><span style=\"color: #000000; font-family: helvetica, arial, sans-serif; font-size: 12pt; text-align: justify;\"><br \/>\nLes Travaux publics sont issus de nos ateliers de cr\u00e9ation dramatique &#8211; <\/span><em style=\"color: #000000; font-family: helvetica, arial, sans-serif; font-size: 12pt; text-align: justify;\">Le Laboratoire \u00ab Un possible Vivre Ensemble \u00bb<\/em><span style=\"color: #000000; font-family: helvetica, arial, sans-serif; font-size: 12pt; text-align: justify;\">, o\u00f9 se rassemblent des citoyens issus de tous les horizons sociaux.<\/span><\/p>\n<p style=\"text-align: justify;\"><span style=\"color: #000000; font-size: 12pt; font-family: helvetica,arial,sans-serif;\"> Citoyens engag\u00e9s dans la lutte contre les exclusions, dont ceux qui sont aujourd\u2019hui m\u00eame les plus \u00e9cart\u00e9s de l\u2019\u00e9change culturel et social, sont les principaux acteurs de ce Parcours \/ \u00c9v\u00e9nement.<\/span><\/p>\n<p style=\"text-align: justify;\"><span style=\"color: #000000; font-size: 12pt; font-family: helvetica,arial,sans-serif;\">Par le th\u00e9\u00e2tre, l\u2019audiovisuel, le th\u00e9\u00e2tre d\u2019objet, les arts plastiques, l\u2019\u00e9criture\u2026 ils t\u00e9moignent et interpellent.Tous se sont empar\u00e9s, po\u00e9tiquement et politiquement, de la question du lien \u00e0 l\u2019autre. Chacun s\u2019est risqu\u00e9 \u00e0 mettre \u00e0 l&rsquo;\u0153uvre sa qu\u00eate comme son d\u00e9sarroi, chacun deviendra le H\u00e9ros de sa propre Passion.<br \/>\nLes acteurs des Travaux Publics invitent les spectateurs \u00e0 prolonger leurs travaux en ouvrant le chantier d\u2019une participation personnelle, singuli\u00e8re, \u00e0 la transformation des rapports sociaux..<\/span><br \/>\n<span style=\"color: #000000; font-size: 12pt; font-family: helvetica,arial,sans-serif;\"> Consid\u00e9rant que la voix d\u2019un seul est d\u2019int\u00e9r\u00eat public, c\u2019est aussi \u00e0 chaque personne de l\u2019assembl\u00e9e qu\u2019est propos\u00e9 un parcours artistique permettant la surprise de conscience, l\u2019\u00e9change et surtout la rencontre avec l\u2019Autre &#8211; l\u2019Autre dans sa diff\u00e9rence psychique, physique, culturelle, religieuse.<\/span><\/p>\n<p><span style=\"font-family: helvetica,arial,sans-serif;\"><img loading=\"lazy\" class=\"size-full wp-image-1967 alignnone\" src=\"http:\/\/wordpress.missgriff.org\/wp-content\/uploads\/2017\/12\/bandnoir.jpg\" alt=\"\" width=\"1045\" height=\"10\" srcset=\"http:\/\/wordpress.missgriff.org\/wp-content\/uploads\/2017\/12\/bandnoir.jpg 1045w, http:\/\/wordpress.missgriff.org\/wp-content\/uploads\/2017\/12\/bandnoir-768x7.jpg 768w, http:\/\/wordpress.missgriff.org\/wp-content\/uploads\/2017\/12\/bandnoir-830x8.jpg 830w, http:\/\/wordpress.missgriff.org\/wp-content\/uploads\/2017\/12\/bandnoir-230x2.jpg 230w, http:\/\/wordpress.missgriff.org\/wp-content\/uploads\/2017\/12\/bandnoir-350x3.jpg 350w, http:\/\/wordpress.missgriff.org\/wp-content\/uploads\/2017\/12\/bandnoir-480x5.jpg 480w\" sizes=\"(max-width: 1045px) 100vw, 1045px\" \/><\/span><\/p>\n<p><iframe loading=\"lazy\" src=\"https:\/\/www.youtube.com\/embed\/_dW9_fMV8IA?rel=0\" width=\"640\" height=\"360\" frameborder=\"0\" allowfullscreen=\"allowfullscreen\"><\/iframe><\/p>\n<p><span style=\"font-family: helvetica,arial,sans-serif;\"><img loading=\"lazy\" class=\"size-full wp-image-1967 alignnone\" src=\"http:\/\/wordpress.missgriff.org\/wp-content\/uploads\/2017\/12\/bandnoir.jpg\" alt=\"\" width=\"1045\" height=\"10\" srcset=\"http:\/\/wordpress.missgriff.org\/wp-content\/uploads\/2017\/12\/bandnoir.jpg 1045w, http:\/\/wordpress.missgriff.org\/wp-content\/uploads\/2017\/12\/bandnoir-768x7.jpg 768w, http:\/\/wordpress.missgriff.org\/wp-content\/uploads\/2017\/12\/bandnoir-830x8.jpg 830w, http:\/\/wordpress.missgriff.org\/wp-content\/uploads\/2017\/12\/bandnoir-230x2.jpg 230w, http:\/\/wordpress.missgriff.org\/wp-content\/uploads\/2017\/12\/bandnoir-350x3.jpg 350w, http:\/\/wordpress.missgriff.org\/wp-content\/uploads\/2017\/12\/bandnoir-480x5.jpg 480w\" sizes=\"(max-width: 1045px) 100vw, 1045px\" \/><\/span><\/p>\n<p style=\"text-align: justify;\"><span style=\"color: #000000; font-size: 12pt; font-family: helvetica,arial,sans-serif;\"><span style=\"color: #800080; font-size: 14pt;\"><strong> LA FORME<\/strong><\/span><br \/>\nChaque acteur participant s\u2019est empar\u00e9 tr\u00e8s personnellement de la question du lien \u00e0 l\u2019autre et de ce qu\u2019il en attend. Renouant avec le face \u00e0 face, nous rencontrerons alors des \u00ab personnages \u00bb qui se pr\u00e9sentent \u00e0 une limite : celle o\u00f9 la proximit\u00e9 d\u2019autrui leur est indispensable, et la s\u00e9paration d\u2019avec lui pourrait devenir tragique. Celle aussi o\u00f9 la responsabilit\u00e9 commune est in\u00e9vitable.<\/span><br \/>\n<span style=\"color: #000000; font-size: 12pt; font-family: helvetica,arial,sans-serif;\"> Leurs questions existentielles, relationnelles, politiques, \u00e9thiques, religieuses ne trouvent aucune r\u00e9ponse hors du champ du dialogue.<\/span><br \/>\n<span style=\"color: #000000; font-size: 12pt; font-family: helvetica,arial,sans-serif;\"> Les \u00ab spectateurs \u00bb sont leurs seuls interlocuteurs : ils deviendront eux-m\u00eames personnages et acteurs de ces Travaux.<\/span><\/p>\n<p style=\"text-align: justify;\"><span style=\"color: #000000; font-size: 12pt; font-family: helvetica,arial,sans-serif;\">Comment dire ? Comment \u00eatre l\u00e0 pour le dire ?<\/span><br \/>\n<span style=\"color: #000000; font-size: 12pt; font-family: helvetica,arial,sans-serif;\"> On s\u2019y essaiera par le th\u00e9\u00e2tre, par la vid\u00e9ographie, par l\u2019\u00e9crit.<\/span><\/p>\n<p style=\"text-align: justify;\"><span style=\"color: #000000; font-size: 12pt; font-family: helvetica,arial,sans-serif;\">Mais qu\u2019est-ce qu\u2019une \u00ab sc\u00e8ne \u00bb pour le dire ?<\/span><br \/>\n<span style=\"color: #000000; font-size: 12pt; font-family: helvetica,arial,sans-serif;\"> Il y aura\u2026<\/span><br \/>\n<span style=\"color: #000000; font-size: 12pt; font-family: helvetica,arial,sans-serif;\"> &#8211; celle de l\u2019intime o\u00f9 chacun peut rencontrer un autre,<\/span><br \/>\n<span style=\"color: #000000; font-size: 12pt; font-family: helvetica,arial,sans-serif;\"> &#8211; celle publique o\u00f9 quelques fous interpelleront tout le monde,<\/span><br \/>\n<span style=\"color: #000000; font-size: 12pt; font-family: helvetica,arial,sans-serif;\"> &#8211; celle du th\u00e9\u00e2tre forum o\u00f9 l\u2019assembl\u00e9e descendra pour remplacer les acteurs.<\/span><\/p>\n<p><span style=\"font-family: helvetica,arial,sans-serif;\"><img loading=\"lazy\" class=\"wp-image-1967 size-full alignnone\" src=\"http:\/\/wordpress.missgriff.org\/wp-content\/uploads\/2017\/12\/bandnoir.jpg\" alt=\"\" width=\"1045\" height=\"10\" srcset=\"http:\/\/wordpress.missgriff.org\/wp-content\/uploads\/2017\/12\/bandnoir.jpg 1045w, http:\/\/wordpress.missgriff.org\/wp-content\/uploads\/2017\/12\/bandnoir-768x7.jpg 768w, http:\/\/wordpress.missgriff.org\/wp-content\/uploads\/2017\/12\/bandnoir-830x8.jpg 830w, http:\/\/wordpress.missgriff.org\/wp-content\/uploads\/2017\/12\/bandnoir-230x2.jpg 230w, http:\/\/wordpress.missgriff.org\/wp-content\/uploads\/2017\/12\/bandnoir-350x3.jpg 350w, http:\/\/wordpress.missgriff.org\/wp-content\/uploads\/2017\/12\/bandnoir-480x5.jpg 480w\" sizes=\"(max-width: 1045px) 100vw, 1045px\" \/><\/span><\/p>\nngg_shortcode_0_placeholder\n<p><span style=\"font-family: helvetica,arial,sans-serif;\"><img loading=\"lazy\" class=\"wp-image-1967 size-full alignnone\" src=\"http:\/\/wordpress.missgriff.org\/wp-content\/uploads\/2017\/12\/bandnoir.jpg\" alt=\"\" width=\"1045\" height=\"10\" srcset=\"http:\/\/wordpress.missgriff.org\/wp-content\/uploads\/2017\/12\/bandnoir.jpg 1045w, http:\/\/wordpress.missgriff.org\/wp-content\/uploads\/2017\/12\/bandnoir-768x7.jpg 768w, http:\/\/wordpress.missgriff.org\/wp-content\/uploads\/2017\/12\/bandnoir-830x8.jpg 830w, http:\/\/wordpress.missgriff.org\/wp-content\/uploads\/2017\/12\/bandnoir-230x2.jpg 230w, http:\/\/wordpress.missgriff.org\/wp-content\/uploads\/2017\/12\/bandnoir-350x3.jpg 350w, http:\/\/wordpress.missgriff.org\/wp-content\/uploads\/2017\/12\/bandnoir-480x5.jpg 480w\" sizes=\"(max-width: 1045px) 100vw, 1045px\" \/><\/span><img loading=\"lazy\" class=\"size-full wp-image-2174 alignnone\" src=\"http:\/\/wordpress.missgriff.org\/wp-content\/uploads\/2018\/01\/triangle-jaune.jpg\" alt=\"\" width=\"1045\" height=\"432\" srcset=\"http:\/\/wordpress.missgriff.org\/wp-content\/uploads\/2018\/01\/triangle-jaune.jpg 1045w, http:\/\/wordpress.missgriff.org\/wp-content\/uploads\/2018\/01\/triangle-jaune-768x317.jpg 768w, http:\/\/wordpress.missgriff.org\/wp-content\/uploads\/2018\/01\/triangle-jaune-830x343.jpg 830w, http:\/\/wordpress.missgriff.org\/wp-content\/uploads\/2018\/01\/triangle-jaune-230x95.jpg 230w, http:\/\/wordpress.missgriff.org\/wp-content\/uploads\/2018\/01\/triangle-jaune-350x145.jpg 350w, http:\/\/wordpress.missgriff.org\/wp-content\/uploads\/2018\/01\/triangle-jaune-480x198.jpg 480w\" sizes=\"(max-width: 1045px) 100vw, 1045px\" \/><\/p>\n","protected":false},"excerpt":{"rendered":"<p>CE CHANTIER \u00ab POUR LES CITOYENS QUI VEULENT BIEN DEVENIR DES ARTISTES \u00bb S\u2019EST OUVERT EN 2006 AUTOUR DE LA QUESTION&nbsp;\u00ab QU\u2019EST-CE QUI PEUT BIEN ENCORE NOUS RASSEMBLER, ON SE LE DEMANDE ? \u00bb ET SE DEMANDE AUJOURD\u2019HUI : \u00ab C\u2019EST QUOI HABITER LE MONDE ? \u00bb Les Travaux publics sont issus de nos ateliers [&hellip;]<\/p>\n","protected":false},"author":1,"featured_media":0,"parent":0,"menu_order":0,"comment_status":"closed","ping_status":"closed","template":"","meta":{"ngg_post_thumbnail":0},"_links":{"self":[{"href":"http:\/\/wordpress.missgriff.org\/index.php?rest_route=\/wp\/v2\/pages\/96"}],"collection":[{"href":"http:\/\/wordpress.missgriff.org\/index.php?rest_route=\/wp\/v2\/pages"}],"about":[{"href":"http:\/\/wordpress.missgriff.org\/index.php?rest_route=\/wp\/v2\/types\/page"}],"author":[{"embeddable":true,"href":"http:\/\/wordpress.missgriff.org\/index.php?rest_route=\/wp\/v2\/users\/1"}],"replies":[{"embeddable":true,"href":"http:\/\/wordpress.missgriff.org\/index.php?rest_route=%2Fwp%2Fv2%2Fcomments&post=96"}],"version-history":[{"count":98,"href":"http:\/\/wordpress.missgriff.org\/index.php?rest_route=\/wp\/v2\/pages\/96\/revisions"}],"predecessor-version":[{"id":2415,"href":"http:\/\/wordpress.missgriff.org\/index.php?rest_route=\/wp\/v2\/pages\/96\/revisions\/2415"}],"wp:attachment":[{"href":"http:\/\/wordpress.missgriff.org\/index.php?rest_route=%2Fwp%2Fv2%2Fmedia&parent=96"}],"curies":[{"name":"wp","href":"https:\/\/api.w.org\/{rel}","templated":true}]}}