{"id":88,"date":"2017-04-03T12:53:55","date_gmt":"2017-04-03T10:53:55","guid":{"rendered":"http:\/\/wordpress.missgriff.org\/?page_id=88"},"modified":"2018-01-18T14:59:11","modified_gmt":"2018-01-18T13:59:11","slug":"parcours","status":"publish","type":"page","link":"http:\/\/wordpress.missgriff.org\/?page_id=88","title":{"rendered":"parcours"},"content":{"rendered":"<p><span style=\"font-family: helvetica,arial,sans-serif;\"><img loading=\"lazy\" class=\"size-full wp-image-2051 alignnone\" src=\"http:\/\/wordpress.missgriff.org\/wp-content\/uploads\/2018\/01\/parcours.jpg\" alt=\"\" width=\"186\" height=\"120\"><\/span><\/p>\n<p><img loading=\"lazy\" class=\"size-full wp-image-1963 alignnone\" src=\"http:\/\/wordpress.missgriff.org\/wp-content\/uploads\/2017\/12\/bandjaun.jpg\" alt=\"\" width=\"1045\" height=\"20\" srcset=\"http:\/\/wordpress.missgriff.org\/wp-content\/uploads\/2017\/12\/bandjaun.jpg 1045w, http:\/\/wordpress.missgriff.org\/wp-content\/uploads\/2017\/12\/bandjaun-768x15.jpg 768w, http:\/\/wordpress.missgriff.org\/wp-content\/uploads\/2017\/12\/bandjaun-830x16.jpg 830w, http:\/\/wordpress.missgriff.org\/wp-content\/uploads\/2017\/12\/bandjaun-230x4.jpg 230w, http:\/\/wordpress.missgriff.org\/wp-content\/uploads\/2017\/12\/bandjaun-350x7.jpg 350w, http:\/\/wordpress.missgriff.org\/wp-content\/uploads\/2017\/12\/bandjaun-480x9.jpg 480w\" sizes=\"(max-width: 1045px) 100vw, 1045px\" \/><span style=\"font-family: helvetica,arial,sans-serif; color: #800080; font-size: 14pt;\"><strong>FONDATION DE MISS GRIFF EN 1991<\/strong><\/span><img loading=\"lazy\" class=\"size-full wp-image-1963 alignnone\" src=\"http:\/\/wordpress.missgriff.org\/wp-content\/uploads\/2017\/12\/bandjaun.jpg\" alt=\"\" width=\"1045\" height=\"20\" srcset=\"http:\/\/wordpress.missgriff.org\/wp-content\/uploads\/2017\/12\/bandjaun.jpg 1045w, http:\/\/wordpress.missgriff.org\/wp-content\/uploads\/2017\/12\/bandjaun-768x15.jpg 768w, http:\/\/wordpress.missgriff.org\/wp-content\/uploads\/2017\/12\/bandjaun-830x16.jpg 830w, http:\/\/wordpress.missgriff.org\/wp-content\/uploads\/2017\/12\/bandjaun-230x4.jpg 230w, http:\/\/wordpress.missgriff.org\/wp-content\/uploads\/2017\/12\/bandjaun-350x7.jpg 350w, http:\/\/wordpress.missgriff.org\/wp-content\/uploads\/2017\/12\/bandjaun-480x9.jpg 480w\" sizes=\"(max-width: 1045px) 100vw, 1045px\" \/><\/p>\n<p style=\"text-align: justify;\"><span style=\"color: #000000; font-family: helvetica,arial,sans-serif; font-size: 12pt;\"><span style=\"color: #800080;\"><strong>OBJET<\/strong><\/span><br \/>\n<span style=\"color: #800080;\"><strong> 1 &gt; L&rsquo;organisation, la promotion, la production et la diffusion de spectacles et d\u2019interventions th\u00e9\u00e2trales, audiovisuelles et litt\u00e9raires.<\/strong><\/span><br \/>\n<span style=\"color: #800080;\"> <strong> 2 &gt; L&rsquo;\u00e9tude, la promotion et la diffusion d&rsquo;interventions ax\u00e9es sur l&rsquo;apprentissage et l&rsquo;utilisation de l&rsquo;art dramatique, des arts plastiques, audiovisuels et litt\u00e9raires sur le terrain culturel et social, et plus particuli\u00e8rement sur les terrains de l\u2019exclusion sociale.<\/strong><\/span><br \/>\n<span style=\"color: #800080;\"> <strong> 3 &gt; La formation artistique professionnelle aux m\u00e9thodologies d\u00e9velopp\u00e9es selon les axes pr\u00e9cit\u00e9s.<\/strong><\/span><br \/>\n<\/span><\/p>\n<p style=\"text-align: justify;\"><span style=\"font-family: helvetica,arial,sans-serif;\"><img loading=\"lazy\" class=\"size-full wp-image-1967 alignnone\" src=\"http:\/\/wordpress.missgriff.org\/wp-content\/uploads\/2017\/12\/bandnoir.jpg\" alt=\"\" width=\"1045\" height=\"10\" srcset=\"http:\/\/wordpress.missgriff.org\/wp-content\/uploads\/2017\/12\/bandnoir.jpg 1045w, http:\/\/wordpress.missgriff.org\/wp-content\/uploads\/2017\/12\/bandnoir-768x7.jpg 768w, http:\/\/wordpress.missgriff.org\/wp-content\/uploads\/2017\/12\/bandnoir-830x8.jpg 830w, http:\/\/wordpress.missgriff.org\/wp-content\/uploads\/2017\/12\/bandnoir-230x2.jpg 230w, http:\/\/wordpress.missgriff.org\/wp-content\/uploads\/2017\/12\/bandnoir-350x3.jpg 350w, http:\/\/wordpress.missgriff.org\/wp-content\/uploads\/2017\/12\/bandnoir-480x5.jpg 480w\" sizes=\"(max-width: 1045px) 100vw, 1045px\" \/><\/span><\/p>\n<p style=\"text-align: justify;\"><span style=\"font-size: 12pt; color: #800080;\"><strong><span style=\"font-family: helvetica, arial, sans-serif;\">MISSGRIFF \u00ab LE PERSONNAGE \u00bb &amp; L&rsquo;\u0152UVRE DRAMATIQUE<\/span><\/strong><\/span><\/p>\n<p style=\"text-align: justify;\"><span style=\"color: #000000; font-family: helvetica,arial,sans-serif; font-size: 12pt;\">Cr\u00e9ation litt\u00e9raire, sc\u00e9nique et audiovisuelle \u00e9crite et interpr\u00e9t\u00e9e par <em><span style=\"color: #993366;\">Nicole Charpail<\/span><\/em><\/span><br \/>\n<span style=\"color: #000000; font-family: helvetica, arial, sans-serif; font-size: 12pt;\"> Miss Griff interroge le sens de la prise de parole, bouscule les rituels des colloques, les lieux o\u00f9 \u00ab l\u2019on parle de l\u2019autre qui va mal \u00bb, puis devient un spectacle pour les th\u00e9\u00e2tres, qui interroge cette fois le rituel th\u00e9\u00e2tral, la relation entre l\u2019acteur et le spectateur et l\u2019enjeu de l\u2019\u00e9v\u00e9nement th\u00e9\u00e2tral.<br \/>\nMiss Griff se produira dans plusieurs Th\u00e9\u00e2tres et Festivals.<\/span><br \/>\n<span style=\"font-size: 12pt;\"><span style=\"color: #ff00ff;\"><span style=\"font-family: helvetica,arial,sans-serif; font-size: 10pt;\"><span style=\"font-family: arial black,sans-serif; color: #000000; font-size: 12pt;\"> &gt;&gt;&gt; <\/span><a href=\"http:\/\/missgriff.org\/?page_id=94\" target=\"_blank\" rel=\"noopener\"><span style=\"color: #ff00ff;\">VOIR CR\u00c9ATION MISS GRIFF LE SPECTACLE<\/span><\/a><\/span><\/span><\/span><span style=\"font-size: 12pt;\"><span style=\"color: #ff00ff;\"><span style=\"font-family: helvetica,arial,sans-serif; font-size: 10pt;\"><br \/>\n<span style=\"font-family: arial black,sans-serif; color: #000000; font-size: 12pt;\">&gt;&gt;&gt; <\/span><a href=\"http:\/\/missgriff.org\/?page_id=1597\" target=\"_blank\" rel=\"noopener\"><span style=\"color: #ff00ff;\">VOIR MISS GRIFF \u0152UVRE DRAMATIQUE (Edition &#8211; Productions)<\/span><\/a><\/span><span style=\"font-family: helvetica, arial, sans-serif;\"><br \/>\n<\/span><\/span><\/span><\/p>\n<p style=\"text-align: justify;\"><span style=\"font-family: helvetica,arial,sans-serif;\"><img loading=\"lazy\" class=\"size-full wp-image-1967 alignnone\" src=\"http:\/\/wordpress.missgriff.org\/wp-content\/uploads\/2017\/12\/bandnoir.jpg\" alt=\"\" width=\"1045\" height=\"10\" srcset=\"http:\/\/wordpress.missgriff.org\/wp-content\/uploads\/2017\/12\/bandnoir.jpg 1045w, http:\/\/wordpress.missgriff.org\/wp-content\/uploads\/2017\/12\/bandnoir-768x7.jpg 768w, http:\/\/wordpress.missgriff.org\/wp-content\/uploads\/2017\/12\/bandnoir-830x8.jpg 830w, http:\/\/wordpress.missgriff.org\/wp-content\/uploads\/2017\/12\/bandnoir-230x2.jpg 230w, http:\/\/wordpress.missgriff.org\/wp-content\/uploads\/2017\/12\/bandnoir-350x3.jpg 350w, http:\/\/wordpress.missgriff.org\/wp-content\/uploads\/2017\/12\/bandnoir-480x5.jpg 480w\" sizes=\"(max-width: 1045px) 100vw, 1045px\" \/><\/span><\/p>\n<p style=\"text-align: justify;\"><strong style=\"color: #800080; font-family: helvetica, arial, sans-serif; font-size: 12pt;\">D\u00c9VELOPPEMENT &amp; TH\u00c9ORISATION DE LA M\u00c9THODOLOGIE<br \/>\n\u00ab PERSONNE &#8211; ACTEUR &#8211; PERSONNAGE \u00bb par Nicole Charpail<\/strong><\/p>\n<p style=\"text-align: justify;\"><span style=\"color: #000000; font-family: helvetica, arial, sans-serif; font-size: 12pt;\"> &#8211; Cr\u00e9ation d\u2019un atelier \u00ab Personne-Acteur-Personnage \u00bb pour des artistes en formation<\/span><br \/>\n<span style=\"color: #000000; font-family: helvetica, arial, sans-serif; font-size: 12pt;\"> &#8211; D\u00e9veloppement de la d\u00e9marche \u00ab Personne-Acteur-Personnage \u00bb en h\u00f4pitaux psychiatriques de jour (Rue de Li\u00e8ge &#8211; Rue d\u2019Armaill\u00e9 \u00e0 Paris)<\/span><br \/>\n<span style=\"color: #000000; font-family: helvetica, arial, sans-serif; font-size: 12pt;\"> &#8211; D\u00e9veloppement de la d\u00e9marche \u00ab Personne-Acteur-Personnage \u00bb aupr\u00e8s de m\u00e9diateurs culturels, travailleurs sociaux, du soin, art-th\u00e9rapeutes. (INECAT Paris &#8211; CTO Paris &#8211; Universit\u00e9s\/m\u00e9diation culturelle)<\/span><br \/>\n<span style=\"color: #000000; font-family: helvetica, arial, sans-serif; font-size: 12pt;\"> &#8211; D\u00e9veloppement de la d\u00e9marche \u00ab Personne-Acteur-Personnage \u00bb en milieu carc\u00e9ral (Maison d\u2019arr\u00eat des femmes de Fresnes &#8211; Maison d\u2019arr\u00eat des hommes de Villepinte &#8211; Maison d\u2019arr\u00eat des hommes de Fresnes &#8211; centre p\u00e9nitentiaire de Meaux)<\/span><br \/>\n<span style=\"color: #000000; font-family: helvetica, arial, sans-serif; font-size: 12pt;\"> &#8211; D\u00e9veloppement de la d\u00e9marche \u00ab Personne-Acteur-Personnage \u00bb sur le laboratoire \u00ab un possible Vivre ensemble \u00bb \u00e0 Montreuil de 2005 \u00e0 2016<\/span><br \/>\n<span style=\"font-family: arial black,sans-serif; font-size: 12pt;\">&gt;&gt;&gt;<\/span> <span style=\"color: #000000; font-family: helvetica,arial,sans-serif; font-size: 10pt;\"><a href=\"http:\/\/missgriff.org\/?page_id=100\" target=\"_blank\" rel=\"noopener\"><span style=\"color: #ff00ff;\">VOIR ATELIER &amp; FORMATIONS &gt; PERSONNE \/ ACTEUR \/ PERSONNAGE<\/span><\/a><\/span><\/p>\n<p style=\"text-align: justify;\"><span style=\"font-family: helvetica,arial,sans-serif;\"><img loading=\"lazy\" class=\"size-full wp-image-1967 alignnone\" src=\"http:\/\/wordpress.missgriff.org\/wp-content\/uploads\/2017\/12\/bandnoir.jpg\" alt=\"\" width=\"1045\" height=\"10\" srcset=\"http:\/\/wordpress.missgriff.org\/wp-content\/uploads\/2017\/12\/bandnoir.jpg 1045w, http:\/\/wordpress.missgriff.org\/wp-content\/uploads\/2017\/12\/bandnoir-768x7.jpg 768w, http:\/\/wordpress.missgriff.org\/wp-content\/uploads\/2017\/12\/bandnoir-830x8.jpg 830w, http:\/\/wordpress.missgriff.org\/wp-content\/uploads\/2017\/12\/bandnoir-230x2.jpg 230w, http:\/\/wordpress.missgriff.org\/wp-content\/uploads\/2017\/12\/bandnoir-350x3.jpg 350w, http:\/\/wordpress.missgriff.org\/wp-content\/uploads\/2017\/12\/bandnoir-480x5.jpg 480w\" sizes=\"(max-width: 1045px) 100vw, 1045px\" \/><\/span><\/p>\n<p style=\"text-align: justify;\"><strong style=\"color: #800080; font-size: 12pt;\"><span style=\"font-family: helvetica, arial, sans-serif;\">D\u00c9VELOPPEMENT DE LA M\u00c9THODOLOGIE<br \/>\nDU TH\u00c9\u00c2TRE DE L&rsquo;OPPRIM\u00c9 (Augusto Boal)<\/span><\/strong><\/p>\n<p style=\"text-align: justify;\"><span style=\"color: #000000; font-family: helvetica, arial, sans-serif; font-size: 12pt;\"> &#8211; Avec le Centre du Th\u00e9\u00e2tre de l\u2019Opprim\u00e9 A. Boal (1985 \uf0ae 1999) dont Nicole Charpail est membre actif et praticienne (Interventions sur tous les champs de l\u2019exclusion sociale (Handicap (ESAT), quartiers, foyers, personnes \u00e2g\u00e9es, militants associatifs, travailleurs\u2026), puis le R\u00e9seau du Th\u00e9\u00e2tre de l\u2019Opprim\u00e9 fond\u00e9 en 2015 dont Miss Griff est membre.<\/span><br \/>\n<span style=\"color: #000000; font-family: helvetica, arial, sans-serif; font-size: 12pt;\"> &#8211; Sur le laboratoire \u00ab un possible vivre ensemble \u00bb \u00e0 Montreuil de 2005 \u00e0 2016.<\/span><br \/>\n<span style=\"font-family: arial black,sans-serif;\"><span style=\"font-size: 12pt;\">&gt;&gt;&gt;<\/span> <\/span><span style=\"font-size: 12pt;\"><a href=\"http:\/\/missgriff.org\/?page_id=102\" target=\"_blank\" rel=\"noopener\"><span style=\"color: #ff00ff;\"><span style=\"font-family: helvetica,arial,sans-serif; font-size: 10pt;\">VOIR ATELIER &amp; FORMATIONS &gt; TH\u00c9\u00c2TRE FORUM<\/span><\/span><\/a><\/span><\/p>\n<p style=\"text-align: justify;\"><span style=\"font-family: helvetica,arial,sans-serif;\"><img loading=\"lazy\" class=\"size-full wp-image-1967 alignnone\" src=\"http:\/\/wordpress.missgriff.org\/wp-content\/uploads\/2017\/12\/bandnoir.jpg\" alt=\"\" width=\"1045\" height=\"10\" srcset=\"http:\/\/wordpress.missgriff.org\/wp-content\/uploads\/2017\/12\/bandnoir.jpg 1045w, http:\/\/wordpress.missgriff.org\/wp-content\/uploads\/2017\/12\/bandnoir-768x7.jpg 768w, http:\/\/wordpress.missgriff.org\/wp-content\/uploads\/2017\/12\/bandnoir-830x8.jpg 830w, http:\/\/wordpress.missgriff.org\/wp-content\/uploads\/2017\/12\/bandnoir-230x2.jpg 230w, http:\/\/wordpress.missgriff.org\/wp-content\/uploads\/2017\/12\/bandnoir-350x3.jpg 350w, http:\/\/wordpress.missgriff.org\/wp-content\/uploads\/2017\/12\/bandnoir-480x5.jpg 480w\" sizes=\"(max-width: 1045px) 100vw, 1045px\" \/><\/span><\/p>\n<p style=\"text-align: justify;\"><strong style=\"color: #800080; font-size: 12pt;\"><span style=\"font-family: helvetica, arial, sans-serif;\">LE LABORATOIRE \u00ab UN POSSIBLE VIVRE ENSEMBLE<\/span><\/strong><strong style=\"color: #800080; font-size: 12pt;\"><span style=\"font-family: helvetica, arial, sans-serif;\"> \u00bb<\/span><\/strong><\/p>\n<p style=\"text-align: justify;\"><span style=\"color: #000000; font-family: helvetica, arial, sans-serif; font-size: 12pt;\"> De 2005 \u00e0 2016, Miss Griff met en place le laboratoire \u00ab Un possible vivre ensemble \u00bb \u00e0 Montreuil :<br \/>\nIl croise cette fois des personnes de tous \u00e2ges, de toutes origines sociales et culturelles &#8211; personnes en difficult\u00e9s issues des structures pr\u00e9cit\u00e9es, artistes, citoyens, militants, travailleurs sociaux.<\/span><br \/>\n<span style=\"color: #000000; font-family: helvetica, arial, sans-serif; font-size: 12pt;\"> L\u2019action comprendra 3 ateliers hebdomadaires selon les \u00e9tapes suivantes :<br \/>\n1 \/ cr\u00e9ation dramatique \u00ab Personne-Acteur-Personnage \u00bb<br \/>\n2 \/ \u00ab Th\u00e9\u00e2tre forum \u00bb,<br \/>\n3 \/ \u00ab cr\u00e9ation audiovisuelle \u00bb,<br \/>\n4 \/ \u00ab accompagnement individualis\u00e9 \u00bb permettant la r\u00e9alisation du \u00ab Journal de bord \u00bb des participants.<\/span><br \/>\n<span style=\"color: #000000; font-family: helvetica, arial, sans-serif; font-size: 12pt;\"> Cette action se d\u00e9roule sur deux lieux culturels &#8211; en partenariat avec une cinquantaine de structures sociales d\u2019 I-D-F y orientant les publics \u00ab prioritaires \u00bb.<\/span><br \/>\n<span style=\"color: #000000; font-family: helvetica,arial,sans-serif; font-size: 12pt;\"> 7 artistes du spectacle vivant et de l\u2019audiovisuel participent de ce travail (th\u00e9\u00e2tre, th\u00e9\u00e2tre d\u2019objet, vid\u00e9ographie, \u00e9criture).<br \/>\n<span style=\"font-family: arial black,sans-serif;\">&gt;&gt;&gt;<\/span> <span style=\"font-size: 10pt; color: #ff00ff;\"><a style=\"color: #ff00ff;\" href=\"http:\/\/missgriff.org\/?page_id=110\" target=\"_blank\" rel=\"noopener\">VOIR ACTIONS CULTURELLES &gt; LE LABORATOIRE \u00ab\u00a0VIVRE ENSEMBLE\u00a0\u00bb<\/a><\/span><br \/>\n<\/span><\/p>\n<p style=\"text-align: justify;\"><span style=\"font-family: helvetica,arial,sans-serif;\"><img loading=\"lazy\" class=\"size-full wp-image-1967 alignnone\" src=\"http:\/\/wordpress.missgriff.org\/wp-content\/uploads\/2017\/12\/bandnoir.jpg\" alt=\"\" width=\"1045\" height=\"10\" srcset=\"http:\/\/wordpress.missgriff.org\/wp-content\/uploads\/2017\/12\/bandnoir.jpg 1045w, http:\/\/wordpress.missgriff.org\/wp-content\/uploads\/2017\/12\/bandnoir-768x7.jpg 768w, http:\/\/wordpress.missgriff.org\/wp-content\/uploads\/2017\/12\/bandnoir-830x8.jpg 830w, http:\/\/wordpress.missgriff.org\/wp-content\/uploads\/2017\/12\/bandnoir-230x2.jpg 230w, http:\/\/wordpress.missgriff.org\/wp-content\/uploads\/2017\/12\/bandnoir-350x3.jpg 350w, http:\/\/wordpress.missgriff.org\/wp-content\/uploads\/2017\/12\/bandnoir-480x5.jpg 480w\" sizes=\"(max-width: 1045px) 100vw, 1045px\" \/><\/span><\/p>\n<p style=\"text-align: justify;\"><span style=\"font-size: 12pt; color: #800080;\"><strong><span style=\"font-family: helvetica, arial, sans-serif;\">D\u00c9VELOPPEMENT DU CONCEPT \u00ab TRAVAUX PUBLICS \u00bb<\/span><\/strong><\/span><\/p>\n<p style=\"text-align: justify;\"><span style=\"color: #000000; font-family: helvetica, arial, sans-serif; font-size: 12pt;\">En 2003 \/ 2004 :<br \/>\n4 chantiers itin\u00e9rants de cr\u00e9ation sont organis\u00e9s pour inventer la premi\u00e8re version des TRAVAUX PUBLICS <em>\u00ab un chantier artistique pour les citoyens qui veulent bien devenir des artistes \u00bb<\/em>. Les Travaux publics se d\u00e9roulent avant et \u00e0 la suite du spectacle <em>\u00ab Miss Griff Mess\u2019 \u00bb<\/em> sur une dur\u00e9e de 3h au total. Diff\u00e9rents dispositifs interactifs, dit du \u00ab th\u00e9\u00e2tre de l\u2019intime \u00bb fabriqu\u00e9s par des artistes et anciens participants des ateliers permettent aux spectateurs, par des voies artistiques et po\u00e9tiques, de se prononcer eux-m\u00eames sur des questions sociales et existentielles abord\u00e9es durant la \u00ab Mess\u2019 \u00bb de Miss Griff.<\/span><\/p>\n<p style=\"text-align: justify;\"><span style=\"color: #000000; font-family: helvetica, arial, sans-serif; font-size: 12pt;\"> De 2010 \u00e0 2015 :<br \/>\nLe concept \u201c TRAVAUX PUBLICS \u201d est d\u00e9velopp\u00e9 \u00e0 partir du laboratoire <em>\u00ab Un possible Vivre ensemble \u00bb<\/em> pour cr\u00e9er un \u00e9v\u00e9nement pluridisciplinaire et interactif tous les ans, d\u2019une dur\u00e9e de 4H, se d\u00e9roulant sur 3 jours, et rassemblant les recherches faites sur un an et plus dans tous nos ateliers.<\/span><br \/>\n<span style=\"font-family: arial black,sans-serif; font-size: 12pt;\">&gt;&gt;&gt;<\/span> <span style=\"font-size: 10pt; font-family: helvetica,arial,sans-serif;\"><a href=\"http:\/\/missgriff.org\/?page_id=96\" target=\"_blank\" rel=\"noopener\"><span style=\"color: #ff00ff;\">VOIR CR\u00c9ATIONS &gt; TRAVAUX PUBLICS<\/span><\/a><\/span><\/p>\n<p style=\"text-align: justify;\"><span style=\"color: #000000; font-family: helvetica, arial, sans-serif; font-size: 12pt;\">Les travaux des acteurs et des spectateurs font l\u2019objet d\u2019un <em>RECUEIL VID\u00c9OGRAPHIQUE<\/em>, sonore et \u00e9crit, lui-m\u00eame donc \u00e9volutif et destin\u00e9 \u00e0 une r\u00e9flexion men\u00e9e avec tous les partenaires socioculturels qui s\u2019interrogent sur la pens\u00e9e des citoyens en pr\u00e9sence notamment de la \u00ab crise \u00bb sociale.<\/span><br \/>\n<span style=\"font-family: arial black,sans-serif; font-size: 12pt;\">&gt;&gt;&gt;<\/span> <span style=\"font-size: 10pt; font-family: helvetica,arial,sans-serif;\"><a href=\"http:\/\/missgriff.org\/?page_id=120\" target=\"_blank\" rel=\"noopener\"><span style=\"color: #ff00ff;\">VOIR FILMOGRAPHIE<\/span><\/a><\/span><\/p>\n<p><span style=\"font-family: helvetica,arial,sans-serif;\"><img loading=\"lazy\" class=\"size-full wp-image-2174 alignnone\" src=\"http:\/\/wordpress.missgriff.org\/wp-content\/uploads\/2018\/01\/triangle-jaune.jpg\" alt=\"\" width=\"1045\" height=\"432\" srcset=\"http:\/\/wordpress.missgriff.org\/wp-content\/uploads\/2018\/01\/triangle-jaune.jpg 1045w, http:\/\/wordpress.missgriff.org\/wp-content\/uploads\/2018\/01\/triangle-jaune-768x317.jpg 768w, http:\/\/wordpress.missgriff.org\/wp-content\/uploads\/2018\/01\/triangle-jaune-830x343.jpg 830w, http:\/\/wordpress.missgriff.org\/wp-content\/uploads\/2018\/01\/triangle-jaune-230x95.jpg 230w, http:\/\/wordpress.missgriff.org\/wp-content\/uploads\/2018\/01\/triangle-jaune-350x145.jpg 350w, http:\/\/wordpress.missgriff.org\/wp-content\/uploads\/2018\/01\/triangle-jaune-480x198.jpg 480w\" sizes=\"(max-width: 1045px) 100vw, 1045px\" \/><\/span><\/p>\n","protected":false},"excerpt":{"rendered":"<p>FONDATION DE MISS GRIFF EN 1991 OBJET 1 &gt; L&rsquo;organisation, la promotion, la production et la diffusion de spectacles et d\u2019interventions th\u00e9\u00e2trales, audiovisuelles et litt\u00e9raires. 2 &gt; L&rsquo;\u00e9tude, la promotion et la diffusion d&rsquo;interventions ax\u00e9es sur l&rsquo;apprentissage et l&rsquo;utilisation de l&rsquo;art dramatique, des arts plastiques, audiovisuels et litt\u00e9raires sur le terrain culturel et social, et [&hellip;]<\/p>\n","protected":false},"author":1,"featured_media":0,"parent":0,"menu_order":0,"comment_status":"closed","ping_status":"closed","template":"","meta":{"ngg_post_thumbnail":0},"_links":{"self":[{"href":"http:\/\/wordpress.missgriff.org\/index.php?rest_route=\/wp\/v2\/pages\/88"}],"collection":[{"href":"http:\/\/wordpress.missgriff.org\/index.php?rest_route=\/wp\/v2\/pages"}],"about":[{"href":"http:\/\/wordpress.missgriff.org\/index.php?rest_route=\/wp\/v2\/types\/page"}],"author":[{"embeddable":true,"href":"http:\/\/wordpress.missgriff.org\/index.php?rest_route=\/wp\/v2\/users\/1"}],"replies":[{"embeddable":true,"href":"http:\/\/wordpress.missgriff.org\/index.php?rest_route=%2Fwp%2Fv2%2Fcomments&post=88"}],"version-history":[{"count":48,"href":"http:\/\/wordpress.missgriff.org\/index.php?rest_route=\/wp\/v2\/pages\/88\/revisions"}],"predecessor-version":[{"id":2298,"href":"http:\/\/wordpress.missgriff.org\/index.php?rest_route=\/wp\/v2\/pages\/88\/revisions\/2298"}],"wp:attachment":[{"href":"http:\/\/wordpress.missgriff.org\/index.php?rest_route=%2Fwp%2Fv2%2Fmedia&parent=88"}],"curies":[{"name":"wp","href":"https:\/\/api.w.org\/{rel}","templated":true}]}}