{"id":1428,"date":"2017-11-06T14:30:46","date_gmt":"2017-11-06T13:30:46","guid":{"rendered":"http:\/\/wordpress.missgriff.org\/?page_id=1428"},"modified":"2018-01-18T15:25:15","modified_gmt":"2018-01-18T14:25:15","slug":"theatre-de-lopprime","status":"publish","type":"page","link":"http:\/\/wordpress.missgriff.org\/?page_id=1428","title":{"rendered":"th\u00e9\u00e2tre de l&rsquo;Opprim\u00e9"},"content":{"rendered":"<p><img loading=\"lazy\" class=\"size-full wp-image-2054 alignnone\" src=\"http:\/\/wordpress.missgriff.org\/wp-content\/uploads\/2018\/01\/theatre-opprime.jpg\" alt=\"\" width=\"291\" height=\"177\" srcset=\"http:\/\/wordpress.missgriff.org\/wp-content\/uploads\/2018\/01\/theatre-opprime.jpg 291w, http:\/\/wordpress.missgriff.org\/wp-content\/uploads\/2018\/01\/theatre-opprime-230x140.jpg 230w\" sizes=\"(max-width: 291px) 100vw, 291px\" \/><\/p>\n<p><img loading=\"lazy\" class=\"size-full wp-image-1963 alignnone\" src=\"http:\/\/wordpress.missgriff.org\/wp-content\/uploads\/2017\/12\/bandjaun.jpg\" alt=\"\" width=\"1045\" height=\"20\" srcset=\"http:\/\/wordpress.missgriff.org\/wp-content\/uploads\/2017\/12\/bandjaun.jpg 1045w, http:\/\/wordpress.missgriff.org\/wp-content\/uploads\/2017\/12\/bandjaun-768x15.jpg 768w, http:\/\/wordpress.missgriff.org\/wp-content\/uploads\/2017\/12\/bandjaun-830x16.jpg 830w, http:\/\/wordpress.missgriff.org\/wp-content\/uploads\/2017\/12\/bandjaun-230x4.jpg 230w, http:\/\/wordpress.missgriff.org\/wp-content\/uploads\/2017\/12\/bandjaun-350x7.jpg 350w, http:\/\/wordpress.missgriff.org\/wp-content\/uploads\/2017\/12\/bandjaun-480x9.jpg 480w\" sizes=\"(max-width: 1045px) 100vw, 1045px\" \/><\/p>\n<p><span style=\"color: #800080; font-family: helvetica,arial,sans-serif; font-size: 14pt;\"><strong>INTERVENTIONS SUR LES TERRAINS DE L\u2019OPPRESSION SOCIALE<\/strong><\/span><span style=\"font-family: helvetica,arial,sans-serif;\"><img loading=\"lazy\" class=\"size-full wp-image-1967 alignnone\" src=\"http:\/\/wordpress.missgriff.org\/wp-content\/uploads\/2017\/12\/bandnoir.jpg\" alt=\"\" width=\"1045\" height=\"10\" srcset=\"http:\/\/wordpress.missgriff.org\/wp-content\/uploads\/2017\/12\/bandnoir.jpg 1045w, http:\/\/wordpress.missgriff.org\/wp-content\/uploads\/2017\/12\/bandnoir-768x7.jpg 768w, http:\/\/wordpress.missgriff.org\/wp-content\/uploads\/2017\/12\/bandnoir-830x8.jpg 830w, http:\/\/wordpress.missgriff.org\/wp-content\/uploads\/2017\/12\/bandnoir-230x2.jpg 230w, http:\/\/wordpress.missgriff.org\/wp-content\/uploads\/2017\/12\/bandnoir-350x3.jpg 350w, http:\/\/wordpress.missgriff.org\/wp-content\/uploads\/2017\/12\/bandnoir-480x5.jpg 480w\" sizes=\"(max-width: 1045px) 100vw, 1045px\" \/><\/span><\/p>\n<p style=\"text-align: justify;\"><strong><span style=\"color: #000000; font-family: helvetica,arial,sans-serif; font-size: 12pt;\"> Avec les populations discrimin\u00e9es et \/ ou en lutte ainsi que les travailleurs et acteurs sociaux<\/span><\/strong><\/p>\n<p style=\"text-align: justify;\"><span style=\"color: #000000; font-family: helvetica, arial, sans-serif; font-size: 12pt;\"><span style=\"color: #800080;\">1985 \u00e0 1998<\/span> : avec le Centre du Th\u00e9\u00e2tre de l\u2019Opprim\u00e9 \/ Augusto Boal o\u00f9 Nicole Charpail est com\u00e9dienne, metteur en sc\u00e8ne \/ joker et formatrice <\/span><span style=\"color: #000000; font-family: helvetica, arial, sans-serif; font-size: 12pt;\">sur les questions : femmes &#8211; sexisme &#8211; vie des quartiers &#8211; ch\u00f4mage &#8211; prostitution &#8211; violence &#8211; citoyennet\u00e9 &#8211; justice &#8211; \u00e9ducation &#8211; pr\u00e9vention &#8211; travail &#8211; handicap &#8230;<\/span><br \/>\n<span style=\"color: #000000; font-family: helvetica, arial, sans-serif; font-size: 12pt;\"> <span style=\"color: #800080;\"> depuis 1998<\/span> : depuis l\u2019association elle-m\u00eame et en partenariat avec d\u2019autres associations de th\u00e9\u00e2tre de l\u2019opprim\u00e9.<\/span><br \/>\n<span style=\"color: #000000; font-family: helvetica, arial, sans-serif; font-size: 12pt;\"> <span style=\"color: #800080;\"> 2008<\/span> : avec l\u2019association Ville et Avenir et le coll\u00e8ge de Bondy <\/span><br \/>\n<span style=\"color: #000000; font-family: helvetica, arial, sans-serif; font-size: 12pt;\"> <span style=\"color: #800080;\"> 2006 \u00e0 2008<\/span> : avec les personnes h\u00e9berg\u00e9es du CHRS Cit\u00e9 Myriam \u00e0 Montreuil<\/span><br \/>\n<span style=\"color: #000000; font-family: helvetica, arial, sans-serif; font-size: 12pt;\"> <span style=\"color: #800080;\"> 2009<\/span> : avec les jeunes adultes h\u00e9berg\u00e9s du CHRS Les sureaux \u00e0 Montreuil<\/span><br \/>\n<span style=\"color: #000000; font-family: helvetica, arial, sans-serif; font-size: 12pt;\"> <span style=\"color: #800080;\"> 2009 \/ 2010<\/span> : avec les jeunes mineurs isol\u00e9s suivis par l\u2019association En Temps \u00e0 Montreuil.<\/span><br \/>\n<span style=\"color: #000000; font-family: helvetica, arial, sans-serif; font-size: 12pt;\"> <span style=\"color: #800080;\"> 2006 \u00e0 2016<\/span> : avec des publics de toutes conditions et des travailleurs sociaux dans le cadre de l\u2019action et du laboratoire \u00ab Un possible vivre Ensemble \u00bb<\/span><br \/>\n<span style=\"color: #000000; font-family: helvetica, arial, sans-serif; font-size: 12pt;\"> <span style=\"color: #800080;\"> 2015 et 2016<\/span> : avec les r\u00e9sidents immigr\u00e9s de 2 foyers de Montreuil, en partenariat avec l\u2019ALF (cours de langue fran\u00e7aise)<\/span><\/p>\n<p><span style=\"font-family: helvetica,arial,sans-serif;\"><img loading=\"lazy\" class=\"size-full wp-image-1967 alignnone\" src=\"http:\/\/wordpress.missgriff.org\/wp-content\/uploads\/2017\/12\/bandnoir.jpg\" alt=\"\" width=\"1045\" height=\"10\" srcset=\"http:\/\/wordpress.missgriff.org\/wp-content\/uploads\/2017\/12\/bandnoir.jpg 1045w, http:\/\/wordpress.missgriff.org\/wp-content\/uploads\/2017\/12\/bandnoir-768x7.jpg 768w, http:\/\/wordpress.missgriff.org\/wp-content\/uploads\/2017\/12\/bandnoir-830x8.jpg 830w, http:\/\/wordpress.missgriff.org\/wp-content\/uploads\/2017\/12\/bandnoir-230x2.jpg 230w, http:\/\/wordpress.missgriff.org\/wp-content\/uploads\/2017\/12\/bandnoir-350x3.jpg 350w, http:\/\/wordpress.missgriff.org\/wp-content\/uploads\/2017\/12\/bandnoir-480x5.jpg 480w\" sizes=\"(max-width: 1045px) 100vw, 1045px\" \/><\/span><span style=\"font-family: helvetica, arial, sans-serif; font-size: 12pt; color: #000000;\"><span style=\"font-size: 10pt;\"><span style=\"font-family: arial black,sans-serif; font-size: 12pt;\">&gt;&gt;&gt;<\/span> <a href=\"http:\/\/missgriff.org\/wp-content\/uploads\/2017\/10\/passage-acte-et-theatre-opprime.pdf\" target=\"_blank\" rel=\"noopener\"><span style=\"color: #ff00ff;\">VOIR \u00ab\u00a0PASSAGE PAR L&rsquo;ACTE, INVITATION \u00c0 LA PENS\u00c9E\u00a0\u00bb<\/span><\/a><\/span> <span style=\"font-size: 10pt;\"><em>&#8211; <span style=\"font-size: 8pt;\">Revue Pratiques Corporelles n\u00b0117 &#8211; d\u00e9cembre 1997<\/span><\/em><\/span><\/span><\/p>\n<p><span style=\"font-family: helvetica,arial,sans-serif;\"><img loading=\"lazy\" class=\"wp-image-2174 size-full alignnone\" src=\"http:\/\/wordpress.missgriff.org\/wp-content\/uploads\/2018\/01\/triangle-jaune.jpg\" alt=\"\" width=\"1045\" height=\"432\" srcset=\"http:\/\/wordpress.missgriff.org\/wp-content\/uploads\/2018\/01\/triangle-jaune.jpg 1045w, http:\/\/wordpress.missgriff.org\/wp-content\/uploads\/2018\/01\/triangle-jaune-768x317.jpg 768w, http:\/\/wordpress.missgriff.org\/wp-content\/uploads\/2018\/01\/triangle-jaune-830x343.jpg 830w, http:\/\/wordpress.missgriff.org\/wp-content\/uploads\/2018\/01\/triangle-jaune-230x95.jpg 230w, http:\/\/wordpress.missgriff.org\/wp-content\/uploads\/2018\/01\/triangle-jaune-350x145.jpg 350w, http:\/\/wordpress.missgriff.org\/wp-content\/uploads\/2018\/01\/triangle-jaune-480x198.jpg 480w\" sizes=\"(max-width: 1045px) 100vw, 1045px\" \/><\/span><\/p>\n","protected":false},"excerpt":{"rendered":"<p>INTERVENTIONS SUR LES TERRAINS DE L\u2019OPPRESSION SOCIALE Avec les populations discrimin\u00e9es et \/ ou en lutte ainsi que les travailleurs et acteurs sociaux 1985 \u00e0 1998 : avec le Centre du Th\u00e9\u00e2tre de l\u2019Opprim\u00e9 \/ Augusto Boal o\u00f9 Nicole Charpail est com\u00e9dienne, metteur en sc\u00e8ne \/ joker et formatrice sur les questions : femmes &#8211; [&hellip;]<\/p>\n","protected":false},"author":1,"featured_media":0,"parent":0,"menu_order":0,"comment_status":"closed","ping_status":"closed","template":"","meta":{"ngg_post_thumbnail":0},"_links":{"self":[{"href":"http:\/\/wordpress.missgriff.org\/index.php?rest_route=\/wp\/v2\/pages\/1428"}],"collection":[{"href":"http:\/\/wordpress.missgriff.org\/index.php?rest_route=\/wp\/v2\/pages"}],"about":[{"href":"http:\/\/wordpress.missgriff.org\/index.php?rest_route=\/wp\/v2\/types\/page"}],"author":[{"embeddable":true,"href":"http:\/\/wordpress.missgriff.org\/index.php?rest_route=\/wp\/v2\/users\/1"}],"replies":[{"embeddable":true,"href":"http:\/\/wordpress.missgriff.org\/index.php?rest_route=%2Fwp%2Fv2%2Fcomments&post=1428"}],"version-history":[{"count":15,"href":"http:\/\/wordpress.missgriff.org\/index.php?rest_route=\/wp\/v2\/pages\/1428\/revisions"}],"predecessor-version":[{"id":2310,"href":"http:\/\/wordpress.missgriff.org\/index.php?rest_route=\/wp\/v2\/pages\/1428\/revisions\/2310"}],"wp:attachment":[{"href":"http:\/\/wordpress.missgriff.org\/index.php?rest_route=%2Fwp%2Fv2%2Fmedia&parent=1428"}],"curies":[{"name":"wp","href":"https:\/\/api.w.org\/{rel}","templated":true}]}}