{"id":118,"date":"2017-04-03T12:57:34","date_gmt":"2017-04-03T10:57:34","guid":{"rendered":"http:\/\/wordpress.missgriff.org\/?page_id=118"},"modified":"2018-09-10T12:27:41","modified_gmt":"2018-09-10T10:27:41","slug":"publications","status":"publish","type":"page","link":"http:\/\/wordpress.missgriff.org\/?page_id=118","title":{"rendered":"articles"},"content":{"rendered":"<p><span style=\"font-family: helvetica,arial,sans-serif;\"><img loading=\"lazy\" class=\"size-full wp-image-2043 alignnone\" src=\"http:\/\/wordpress.missgriff.org\/wp-content\/uploads\/2018\/01\/articles.jpg\" alt=\"\" width=\"256\" height=\"59\" srcset=\"http:\/\/wordpress.missgriff.org\/wp-content\/uploads\/2018\/01\/articles.jpg 256w, http:\/\/wordpress.missgriff.org\/wp-content\/uploads\/2018\/01\/articles-230x53.jpg 230w\" sizes=\"(max-width: 256px) 100vw, 256px\" \/><\/span><\/p>\n<p><span style=\"color: #000000; font-family: helvetica, arial, sans-serif; font-size: 12pt;\"><img loading=\"lazy\" class=\"size-full wp-image-1963 alignnone\" src=\"http:\/\/wordpress.missgriff.org\/wp-content\/uploads\/2017\/12\/bandjaun.jpg\" alt=\"\" width=\"1045\" height=\"20\" srcset=\"http:\/\/wordpress.missgriff.org\/wp-content\/uploads\/2017\/12\/bandjaun.jpg 1045w, http:\/\/wordpress.missgriff.org\/wp-content\/uploads\/2017\/12\/bandjaun-768x15.jpg 768w, http:\/\/wordpress.missgriff.org\/wp-content\/uploads\/2017\/12\/bandjaun-830x16.jpg 830w, http:\/\/wordpress.missgriff.org\/wp-content\/uploads\/2017\/12\/bandjaun-230x4.jpg 230w, http:\/\/wordpress.missgriff.org\/wp-content\/uploads\/2017\/12\/bandjaun-350x7.jpg 350w, http:\/\/wordpress.missgriff.org\/wp-content\/uploads\/2017\/12\/bandjaun-480x9.jpg 480w\" sizes=\"(max-width: 1045px) 100vw, 1045px\" \/><br \/>\n<\/span><\/p>\n<p><img loading=\"lazy\" class=\"wp-image-961 alignleft\" src=\"http:\/\/wordpress.missgriff.org\/wp-content\/uploads\/2017\/09\/Couverture-Art-et-Th\u00e9rapie-f\u00e9vrier-2008-298x300.jpg\" alt=\"\" width=\"96\" height=\"97\" srcset=\"http:\/\/wordpress.missgriff.org\/wp-content\/uploads\/2017\/09\/Couverture-Art-et-Th\u00e9rapie-f\u00e9vrier-2008-298x300.jpg 298w, http:\/\/wordpress.missgriff.org\/wp-content\/uploads\/2017\/09\/Couverture-Art-et-Th\u00e9rapie-f\u00e9vrier-2008-150x150.jpg 150w, http:\/\/wordpress.missgriff.org\/wp-content\/uploads\/2017\/09\/Couverture-Art-et-Th\u00e9rapie-f\u00e9vrier-2008-768x773.jpg 768w, http:\/\/wordpress.missgriff.org\/wp-content\/uploads\/2017\/09\/Couverture-Art-et-Th\u00e9rapie-f\u00e9vrier-2008-1017x1024.jpg 1017w, http:\/\/wordpress.missgriff.org\/wp-content\/uploads\/2017\/09\/Couverture-Art-et-Th\u00e9rapie-f\u00e9vrier-2008-830x836.jpg 830w, http:\/\/wordpress.missgriff.org\/wp-content\/uploads\/2017\/09\/Couverture-Art-et-Th\u00e9rapie-f\u00e9vrier-2008-230x232.jpg 230w, http:\/\/wordpress.missgriff.org\/wp-content\/uploads\/2017\/09\/Couverture-Art-et-Th\u00e9rapie-f\u00e9vrier-2008-350x352.jpg 350w, http:\/\/wordpress.missgriff.org\/wp-content\/uploads\/2017\/09\/Couverture-Art-et-Th\u00e9rapie-f\u00e9vrier-2008-480x483.jpg 480w\" sizes=\"(max-width: 96px) 100vw, 96px\" \/><span style=\"color: #000000; font-size: 12pt; font-family: helvetica,arial,sans-serif;\"><a href=\"http:\/\/missgriff.org\/wp-content\/uploads\/2017\/11\/art-et-therapie-n98-99.pdf\" target=\"_blank\" rel=\"noopener\"><span style=\"color: #ff00ff;\"><strong>LE VOYAGE IMAGINAIRE <\/strong><\/span><\/a>(le jeu m\u00e9taphore)<\/span><span style=\"color: #000000; font-size: 12pt; font-family: helvetica,arial,sans-serif;\">&nbsp;<\/span><span style=\"color: #000000; font-size: 12pt; font-family: helvetica,arial,sans-serif;\"><span style=\"font-size: 10pt;\"><strong><br \/>\nL&rsquo;EXERCICE EN ART-THERAPIE ET EN MEDIATIONS ARTISTIQUES<\/strong><\/span><br \/>\nRevue art et th\u00e9rapie n\u00b0 98 \/ 99<br \/>\n<span style=\"font-size: 10pt;\"><em>F\u00e9vrier 2008<\/em><\/span><br \/>\n<\/span><\/p>\n<p>&nbsp;<\/p>\n<hr>\n<p><span style=\"color: #000000; font-size: 12pt; font-family: helvetica,arial,sans-serif;\"><a href=\"http:\/\/wordpress.missgriff.org\/wp-content\/uploads\/2017\/11\/artetT.-Loeuvredu-regard.jpg\"><img loading=\"lazy\" class=\"wp-image-1716 alignleft\" src=\"http:\/\/wordpress.missgriff.org\/wp-content\/uploads\/2017\/11\/artetT.-Loeuvredu-regard.jpg\" alt=\"\" width=\"97\" height=\"109\" srcset=\"http:\/\/wordpress.missgriff.org\/wp-content\/uploads\/2017\/11\/artetT.-Loeuvredu-regard.jpg 2131w, http:\/\/wordpress.missgriff.org\/wp-content\/uploads\/2017\/11\/artetT.-Loeuvredu-regard-768x869.jpg 768w, http:\/\/wordpress.missgriff.org\/wp-content\/uploads\/2017\/11\/artetT.-Loeuvredu-regard-830x939.jpg 830w, http:\/\/wordpress.missgriff.org\/wp-content\/uploads\/2017\/11\/artetT.-Loeuvredu-regard-230x260.jpg 230w, http:\/\/wordpress.missgriff.org\/wp-content\/uploads\/2017\/11\/artetT.-Loeuvredu-regard-350x396.jpg 350w, http:\/\/wordpress.missgriff.org\/wp-content\/uploads\/2017\/11\/artetT.-Loeuvredu-regard-480x543.jpg 480w\" sizes=\"(max-width: 97px) 100vw, 97px\" \/><\/a><a href=\"http:\/\/missgriff.org\/wp-content\/uploads\/2017\/10\/art-et-therapie-n88-89.pdf\" target=\"_blank\" rel=\"noopener\"><span style=\"color: #ff00ff;\"><strong>LE VOYAGE DU RIEN<\/strong><\/span><\/a><\/span><br \/>\n<span style=\"color: #000000; font-family: helvetica,arial,sans-serif;\"><span style=\"font-size: 10pt;\"><strong> L&rsquo;OEUVRE DU REGARD<\/strong><\/span><\/span><span style=\"color: #000000; font-size: 12pt; font-family: helvetica,arial,sans-serif;\"><br \/>\nRevue art th\u00e9rapie n\u00b0 89<br \/>\n<span style=\"font-size: 10pt;\"><em>D\u00e9cembre 2004<\/em><\/span><br \/>\n<\/span><\/p>\n<p>&nbsp;<\/p>\n<hr>\n<p><span style=\"color: #000000; font-family: helvetica, arial, sans-serif; font-size: 12pt;\"> <a href=\"http:\/\/wordpress.missgriff.org\/wp-content\/uploads\/2017\/11\/ArtetT.-En-prison.jpg\"><img loading=\"lazy\" class=\"alignleft wp-image-1715\" src=\"http:\/\/wordpress.missgriff.org\/wp-content\/uploads\/2017\/11\/ArtetT.-En-prison.jpg\" alt=\"\" width=\"102\" height=\"115\" srcset=\"http:\/\/wordpress.missgriff.org\/wp-content\/uploads\/2017\/11\/ArtetT.-En-prison.jpg 2131w, http:\/\/wordpress.missgriff.org\/wp-content\/uploads\/2017\/11\/ArtetT.-En-prison-768x869.jpg 768w, http:\/\/wordpress.missgriff.org\/wp-content\/uploads\/2017\/11\/ArtetT.-En-prison-830x939.jpg 830w, http:\/\/wordpress.missgriff.org\/wp-content\/uploads\/2017\/11\/ArtetT.-En-prison-230x260.jpg 230w, http:\/\/wordpress.missgriff.org\/wp-content\/uploads\/2017\/11\/ArtetT.-En-prison-350x396.jpg 350w, http:\/\/wordpress.missgriff.org\/wp-content\/uploads\/2017\/11\/ArtetT.-En-prison-480x543.jpg 480w\" sizes=\"(max-width: 102px) 100vw, 102px\" \/><\/a><\/span><strong style=\"color: #000000; font-family: helvetica, arial, sans-serif; font-size: 12pt;\"><span style=\"font-size: 12pt;\"><a href=\"http:\/\/missgriff.org\/wp-content\/uploads\/2017\/10\/art-et-therapie-n84-85.pdf\" target=\"_blank\" rel=\"noopener\"><span style=\"color: #ff00ff;\">LA PRISON &#8211; M\u00c9TAPHORE<\/span><\/a><\/span><br \/>\n<\/strong><span style=\"font-family: helvetica,arial,sans-serif;\"><span style=\"font-size: 10pt;\"><strong>EN PRISON<\/strong><\/span> &#8211; <\/span><span style=\"color: #000000; font-family: helvetica, arial, sans-serif; font-size: 12pt;\">Revue art et th\u00e9rapie n\u00b0 84 \/ 85<br \/>\n<span style=\"font-size: 10pt;\"><em>D\u00e9cembre 2003<\/em><\/span><\/span><\/p>\n<p>&nbsp;<\/p>\n<p>&nbsp;<\/p>\n<hr>\n<p><span style=\"color: #000000; font-size: 12pt; font-family: helvetica,arial,sans-serif;\"><a href=\"http:\/\/wordpress.missgriff.org\/wp-content\/uploads\/2017\/11\/ArtetT.-Notrecorpscontemporain-T1.jpg\"><img loading=\"lazy\" class=\"alignleft wp-image-1451\" src=\"http:\/\/wordpress.missgriff.org\/wp-content\/uploads\/2017\/11\/ArtetT.-Notrecorpscontemporain-T1.jpg\" alt=\"\" width=\"95\" height=\"95\" srcset=\"http:\/\/wordpress.missgriff.org\/wp-content\/uploads\/2017\/11\/ArtetT.-Notrecorpscontemporain-T1.jpg 2432w, http:\/\/wordpress.missgriff.org\/wp-content\/uploads\/2017\/11\/ArtetT.-Notrecorpscontemporain-T1-2000x2000.jpg 2000w, http:\/\/wordpress.missgriff.org\/wp-content\/uploads\/2017\/11\/ArtetT.-Notrecorpscontemporain-T1-768x765.jpg 768w, http:\/\/wordpress.missgriff.org\/wp-content\/uploads\/2017\/11\/ArtetT.-Notrecorpscontemporain-T1-830x827.jpg 830w, http:\/\/wordpress.missgriff.org\/wp-content\/uploads\/2017\/11\/ArtetT.-Notrecorpscontemporain-T1-230x229.jpg 230w, http:\/\/wordpress.missgriff.org\/wp-content\/uploads\/2017\/11\/ArtetT.-Notrecorpscontemporain-T1-350x349.jpg 350w, http:\/\/wordpress.missgriff.org\/wp-content\/uploads\/2017\/11\/ArtetT.-Notrecorpscontemporain-T1-480x478.jpg 480w\" sizes=\"(max-width: 95px) 100vw, 95px\" \/><\/a><\/span><span style=\"font-size: 12pt;\"><a href=\"http:\/\/missgriff.org\/wp-content\/uploads\/2017\/10\/art-et-therapie-n70-71.pdf\" target=\"_blank\" rel=\"noopener\"><span style=\"color: #ff00ff;\"><span style=\"font-family: helvetica,arial,sans-serif;\"><strong>DE LA PHYSIOLOGIE VERS L&rsquo;\u00c2ME OU DES AFFRES ET MERVEILLES DE LA PASSION,<br \/>\n<\/strong><\/span><span style=\"font-family: helvetica,arial,sans-serif;\"><strong>POUR UNE PROPOSITION SP\u00c9CIFIQUE DE TRAVAIL DE L&rsquo;ACTEUR<\/strong><\/span><\/span><\/a><\/span><span style=\"color: #000000; font-size: 12pt; font-family: helvetica,arial,sans-serif;\"><strong><br \/>\n<span style=\"font-size: 10pt;\">NOTRE CORPS CONTEMPORAIN<\/span> &#8211; <\/strong><\/span><span style=\"color: #000000; font-size: 12pt; font-family: helvetica,arial,sans-serif;\">Revue art et th\u00e9rapie n\u00b0 70 \/ 71 &#8211; tome 1&amp;2<br \/>\n<span style=\"font-size: 10pt;\"><em>Juin et D\u00e9c<\/em><\/span><\/span><span style=\"color: #000000; font-size: 12pt; font-family: helvetica,arial,sans-serif;\"><span style=\"font-size: 10pt;\"><em>mbre<\/em><\/span><\/span><span style=\"color: #000000; font-size: 12pt; font-family: helvetica,arial,sans-serif;\"><span style=\"font-size: 10pt;\"><em>e 2000<\/em><\/span><br \/>\n<\/span><\/p>\n<hr>\n<p><span style=\"color: #000000; font-size: 12pt; font-family: helvetica,arial,sans-serif;\">&nbsp; &nbsp;<img loading=\"lazy\" class=\" wp-image-1455 alignleft\" src=\"http:\/\/wordpress.missgriff.org\/wp-content\/uploads\/2017\/11\/N\u00b0117-Pratiquescorporelles-1759x2500.jpg\" alt=\"\" width=\"88\" height=\"125\" srcset=\"http:\/\/wordpress.missgriff.org\/wp-content\/uploads\/2017\/11\/N\u00b0117-Pratiquescorporelles-1759x2500.jpg 1759w, http:\/\/wordpress.missgriff.org\/wp-content\/uploads\/2017\/11\/N\u00b0117-Pratiquescorporelles-768x1091.jpg 768w, http:\/\/wordpress.missgriff.org\/wp-content\/uploads\/2017\/11\/N\u00b0117-Pratiquescorporelles-830x1179.jpg 830w, http:\/\/wordpress.missgriff.org\/wp-content\/uploads\/2017\/11\/N\u00b0117-Pratiquescorporelles-230x327.jpg 230w, http:\/\/wordpress.missgriff.org\/wp-content\/uploads\/2017\/11\/N\u00b0117-Pratiquescorporelles-350x497.jpg 350w, http:\/\/wordpress.missgriff.org\/wp-content\/uploads\/2017\/11\/N\u00b0117-Pratiquescorporelles-480x682.jpg 480w\" sizes=\"(max-width: 88px) 100vw, 88px\" \/><span style=\"font-size: 12pt; color: #333333;\"><br \/>\n<\/span><\/span><\/p>\n<p><strong><span style=\"font-size: 12pt;\"><a href=\"http:\/\/missgriff.org\/wp-content\/uploads\/2017\/10\/passage-acte-et-theatre-opprime.pdf\" target=\"_blank\" rel=\"noopener\"><span style=\"color: #ff00ff; font-family: helvetica, arial, sans-serif;\">PASSAGE PAR L&rsquo;ACTE, L&rsquo;INVITATION \u00c0 LA PENS\u00c9E<\/span><\/a><\/span><\/strong><strong><br \/>\n<\/strong><span style=\"color: #000000; font-size: 12pt; font-family: helvetica,arial,sans-serif;\">Revue Pratiques Corporelles n\u00b0117<br \/>\n<span style=\"font-size: 10pt;\"><em>D\u00e9cembre 1997<\/em><\/span><\/span><\/p>\n<p>&nbsp;<\/p>\n<hr>\n<p><span style=\"color: #000000; font-size: 12pt; font-family: helvetica,arial,sans-serif;\"><img loading=\"lazy\" class=\" wp-image-1449 alignleft\" src=\"http:\/\/wordpress.missgriff.org\/wp-content\/uploads\/2017\/11\/ArtetT.-La-cr\u00e9ationcommeprocessus....jpg\" alt=\"\" width=\"108\" height=\"110\" srcset=\"http:\/\/wordpress.missgriff.org\/wp-content\/uploads\/2017\/11\/ArtetT.-La-cr\u00e9ationcommeprocessus....jpg 2372w, http:\/\/wordpress.missgriff.org\/wp-content\/uploads\/2017\/11\/ArtetT.-La-cr\u00e9ationcommeprocessus...-768x786.jpg 768w, http:\/\/wordpress.missgriff.org\/wp-content\/uploads\/2017\/11\/ArtetT.-La-cr\u00e9ationcommeprocessus...-830x850.jpg 830w, http:\/\/wordpress.missgriff.org\/wp-content\/uploads\/2017\/11\/ArtetT.-La-cr\u00e9ationcommeprocessus...-230x235.jpg 230w, http:\/\/wordpress.missgriff.org\/wp-content\/uploads\/2017\/11\/ArtetT.-La-cr\u00e9ationcommeprocessus...-350x358.jpg 350w, http:\/\/wordpress.missgriff.org\/wp-content\/uploads\/2017\/11\/ArtetT.-La-cr\u00e9ationcommeprocessus...-480x491.jpg 480w\" sizes=\"(max-width: 108px) 100vw, 108px\" \/><\/span><span style=\"font-size: 12pt;\"><strong><span style=\"color: #ff00ff; font-family: helvetica, arial, sans-serif;\"><a href=\"http:\/\/missgriff.org\/wp-content\/uploads\/2017\/10\/art-et-creation-process-transformation.pdf\" target=\"_blank\" rel=\"noopener\"><span style=\"color: #ff00ff;\">La cr\u00e9ation comme processus de transformation<\/span><\/a><\/span><\/strong><\/span><span style=\"color: #000000; font-size: 12pt; font-family: helvetica,arial,sans-serif;\"><br \/>\n<\/span><span style=\"color: #000000; font-size: 12pt; font-family: helvetica,arial,sans-serif;\">\u00ab L\u2019\u00e9criture d\u2019un personnage, un parcours de cr\u00e9ation \/ Miss Griff \u00bb<br \/>\nRevue Art et Th\u00e9rapie n\u00b0 56 \/ 57<br \/>\n<em>Juin 1996<\/em><br \/>\n<\/span><\/p>\n<hr>\n<p style=\"padding-left: 120px;\"><span style=\"color: #000000; font-size: 12pt; font-family: helvetica,arial,sans-serif;\"><span style=\"color: #ff00ff;\"><strong><span style=\"color: #000000;\"><span style=\"color: #ff00ff;\">Le troisi\u00e8me regard<\/span><br \/>\n<\/span><\/strong><\/span>Revue Synapse 3\u00e8me Salon International de Psychiatrie<\/span><br \/>\n<span style=\"color: #000000; font-size: 12pt; font-family: helvetica,arial,sans-serif;\">et SNC DE L\u2019EXPRESSION A L\u2019IMPRESSION (par J.P. Klein)<br \/>\n<\/span><\/p>\n<hr>\n<p><span style=\"color: #000000; font-size: 12pt; font-family: helvetica,arial,sans-serif;\"><a href=\"http:\/\/wordpress.missgriff.org\/wp-content\/uploads\/2017\/11\/HommesetPerspectives.jpg\"><img loading=\"lazy\" class=\"alignleft wp-image-1453\" src=\"http:\/\/wordpress.missgriff.org\/wp-content\/uploads\/2017\/11\/HommesetPerspectives-1634x2500.jpg\" alt=\"\" width=\"79\" height=\"122\" srcset=\"http:\/\/wordpress.missgriff.org\/wp-content\/uploads\/2017\/11\/HommesetPerspectives-1634x2500.jpg 1634w, http:\/\/wordpress.missgriff.org\/wp-content\/uploads\/2017\/11\/HommesetPerspectives-768x1175.jpg 768w, http:\/\/wordpress.missgriff.org\/wp-content\/uploads\/2017\/11\/HommesetPerspectives-830x1270.jpg 830w, http:\/\/wordpress.missgriff.org\/wp-content\/uploads\/2017\/11\/HommesetPerspectives-230x352.jpg 230w, http:\/\/wordpress.missgriff.org\/wp-content\/uploads\/2017\/11\/HommesetPerspectives-350x536.jpg 350w, http:\/\/wordpress.missgriff.org\/wp-content\/uploads\/2017\/11\/HommesetPerspectives-480x735.jpg 480w, http:\/\/wordpress.missgriff.org\/wp-content\/uploads\/2017\/11\/HommesetPerspectives.jpg 1644w\" sizes=\"(max-width: 79px) 100vw, 79px\" \/><\/a><\/span><span style=\"font-family: helvetica, arial, sans-serif; font-size: 12pt;\"><span style=\"color: #000000;\"><span style=\"color: #ff00ff;\"><strong> Le voyage de l\u2019acteur ou la mise en sc\u00e8ne des regards<\/strong><\/span><br \/>\n<\/span><\/span><span style=\"font-family: helvetica, arial, sans-serif; color: #000000; font-size: 12pt;\"><strong>&nbsp;L\u2019ART EN THERAPIE<\/strong><br \/>\n&nbsp;sous la direction de J.P Klein<br \/>\n&nbsp;Editions Hommes et Perspectives<\/span><\/p>\n<p>&nbsp;<\/p>\n<hr>\n<p style=\"padding-left: 120px;\"><span style=\"color: #ff00ff;\"><strong><span style=\"font-family: helvetica,arial,sans-serif; font-size: 12pt;\">Le Th\u00e9\u00e2tre forum<\/span><\/strong><\/span><br \/>\n<span style=\"font-family: helvetica, arial, sans-serif; font-size: 12pt; color: #000000;\"><strong>LA FORMATION SE MET EN SCENE<\/strong> ou les milles vertus du th\u00e9\u00e2tre<br \/>\n\u00e9dit\u00e9 par Centre Info<\/span><\/p>\n<hr>\n<p><span style=\"color: #000000; font-size: 12pt; font-family: helvetica,arial,sans-serif;\">&nbsp;<a href=\"http:\/\/wordpress.missgriff.org\/wp-content\/uploads\/2017\/11\/Th\u00e9\u00e2tre-Public.jpg\"><img loading=\"lazy\" class=\"alignleft wp-image-1456\" src=\"http:\/\/wordpress.missgriff.org\/wp-content\/uploads\/2017\/11\/Th\u00e9\u00e2tre-Public-1725x2500.jpg\" alt=\"\" width=\"86\" height=\"124\" srcset=\"http:\/\/wordpress.missgriff.org\/wp-content\/uploads\/2017\/11\/Th\u00e9\u00e2tre-Public-1725x2500.jpg 1725w, http:\/\/wordpress.missgriff.org\/wp-content\/uploads\/2017\/11\/Th\u00e9\u00e2tre-Public-768x1113.jpg 768w, http:\/\/wordpress.missgriff.org\/wp-content\/uploads\/2017\/11\/Th\u00e9\u00e2tre-Public-830x1203.jpg 830w, http:\/\/wordpress.missgriff.org\/wp-content\/uploads\/2017\/11\/Th\u00e9\u00e2tre-Public-230x333.jpg 230w, http:\/\/wordpress.missgriff.org\/wp-content\/uploads\/2017\/11\/Th\u00e9\u00e2tre-Public-350x507.jpg 350w, http:\/\/wordpress.missgriff.org\/wp-content\/uploads\/2017\/11\/Th\u00e9\u00e2tre-Public-480x696.jpg 480w\" sizes=\"(max-width: 86px) 100vw, 86px\" \/><\/a><strong><a href=\"http:\/\/missgriff.org\/wp-content\/uploads\/2017\/10\/errer-a-la-frontiere.pdf\" target=\"_blank\" rel=\"noopener\"><span style=\"color: #ff00ff;\">Errer \u00e0 la fronti\u00e8re\u2026<\/span><\/a><br \/>\n&nbsp;<a href=\"http:\/\/missgriff.org\/wp-content\/uploads\/2017\/10\/thea-public-voyage-acteur.pdf\" target=\"_blank\" rel=\"noopener\"><span style=\"color: #ff00ff;\">Le voyage de l&rsquo;acteur<\/span><\/a><\/strong><strong><br \/>\n<\/strong><\/span><span style=\"color: #000000; font-size: 12pt; font-family: helvetica,arial,sans-serif;\">Revue Th\u00e9\u00e2tre \/ Public n\u00b0124 \/ 125<br \/>\nCollaboration au dossier <strong>LES THEATRES DE L\u2019AUTRE<\/strong><br \/>\n<\/span><span style=\"color: #000000; font-size: 12pt; font-family: helvetica,arial,sans-serif;\"><em>Juillet &amp; octobre 1995<\/em><strong><strong><br \/>\n<\/strong><\/strong><\/span><\/p>\n<hr>\n<p><span style=\"color: #000000; font-size: 12pt; font-family: helvetica,arial,sans-serif;\"><a href=\"http:\/\/wordpress.missgriff.org\/wp-content\/uploads\/2017\/11\/ArtetT.-Lart-des-marginaux.jpg\"><img loading=\"lazy\" class=\"alignleft wp-image-1450\" src=\"http:\/\/wordpress.missgriff.org\/wp-content\/uploads\/2017\/11\/ArtetT.-Lart-des-marginaux.jpg\" alt=\"\" width=\"89\" height=\"88\" srcset=\"http:\/\/wordpress.missgriff.org\/wp-content\/uploads\/2017\/11\/ArtetT.-Lart-des-marginaux.jpg 2432w, http:\/\/wordpress.missgriff.org\/wp-content\/uploads\/2017\/11\/ArtetT.-Lart-des-marginaux-2000x2000.jpg 2000w, http:\/\/wordpress.missgriff.org\/wp-content\/uploads\/2017\/11\/ArtetT.-Lart-des-marginaux-768x762.jpg 768w, http:\/\/wordpress.missgriff.org\/wp-content\/uploads\/2017\/11\/ArtetT.-Lart-des-marginaux-830x823.jpg 830w, http:\/\/wordpress.missgriff.org\/wp-content\/uploads\/2017\/11\/ArtetT.-Lart-des-marginaux-230x228.jpg 230w, http:\/\/wordpress.missgriff.org\/wp-content\/uploads\/2017\/11\/ArtetT.-Lart-des-marginaux-350x347.jpg 350w, http:\/\/wordpress.missgriff.org\/wp-content\/uploads\/2017\/11\/ArtetT.-Lart-des-marginaux-480x476.jpg 480w\" sizes=\"(max-width: 89px) 100vw, 89px\" \/><\/a><\/span><span style=\"color: #000000; font-size: 12pt; font-family: helvetica,arial,sans-serif;\"><strong><a href=\"http:\/\/missgriff.org\/wp-content\/uploads\/2017\/10\/art-et-therapie-le-placard.pdf\" target=\"_blank\" rel=\"noopener\"><span style=\"color: #ff00ff;\">Le placard<br \/>\n<\/span><\/a><\/strong><\/span><span style=\"color: #000000; font-size: 12pt; font-family: helvetica,arial,sans-serif;\"><strong>L\u2019ART DES MARGINAUX<\/strong> &#8211; Revue Art et Th\u00e9rapie n\u00b046 \/ 47<br \/>\n<em>Juin 1993 <\/em><br \/>\n<\/span><\/p>\n<hr>\n<p><span style=\"color: #000000; font-size: 12pt; font-family: helvetica,arial,sans-serif;\"><a href=\"http:\/\/wordpress.missgriff.org\/wp-content\/uploads\/2017\/11\/N\u00b096-Pratiquescorporelles.jpg\"><img loading=\"lazy\" class=\"alignleft wp-image-1454\" src=\"http:\/\/wordpress.missgriff.org\/wp-content\/uploads\/2017\/11\/N\u00b096-Pratiquescorporelles-1759x2500.jpg\" alt=\"\" width=\"83\" height=\"118\" srcset=\"http:\/\/wordpress.missgriff.org\/wp-content\/uploads\/2017\/11\/N\u00b096-Pratiquescorporelles-1759x2500.jpg 1759w, http:\/\/wordpress.missgriff.org\/wp-content\/uploads\/2017\/11\/N\u00b096-Pratiquescorporelles-768x1091.jpg 768w, http:\/\/wordpress.missgriff.org\/wp-content\/uploads\/2017\/11\/N\u00b096-Pratiquescorporelles-830x1179.jpg 830w, http:\/\/wordpress.missgriff.org\/wp-content\/uploads\/2017\/11\/N\u00b096-Pratiquescorporelles-230x327.jpg 230w, http:\/\/wordpress.missgriff.org\/wp-content\/uploads\/2017\/11\/N\u00b096-Pratiquescorporelles-350x497.jpg 350w, http:\/\/wordpress.missgriff.org\/wp-content\/uploads\/2017\/11\/N\u00b096-Pratiquescorporelles-480x682.jpg 480w\" sizes=\"(max-width: 83px) 100vw, 83px\" \/><\/a><\/span><span style=\"color: #000000; font-size: 12pt; font-family: helvetica,arial,sans-serif;\"><strong><a href=\"http:\/\/missgriff.org\/wp-content\/uploads\/2017\/10\/pratiques-corporelles-n96.pdf\" target=\"_blank\" rel=\"noopener\"><span style=\"color: #ff00ff;\">Quand la personne veut changer de personnage.<\/span><\/a><br \/>\n<a href=\"http:\/\/missgriff.org\/wp-content\/uploads\/2017\/10\/travail-acteur-milieu-psy-pap.pdf\" target=\"_blank\" rel=\"noopener\"><span style=\"color: #ff00ff;\">Travail th\u00e9\u00e2tral en milieu psychiatrique<br \/>\n<\/span><\/a><\/strong>Revue Pratiques Corporelles n\u00b096<br \/>\n<em>Septembre 1992<\/em><br \/>\n<\/span><\/p>\n<p>&nbsp;<\/p>\n<hr>\n<p><span style=\"color: #000000; font-size: 12pt; font-family: helvetica,arial,sans-serif;\"><a href=\"http:\/\/wordpress.missgriff.org\/wp-content\/uploads\/2017\/11\/Art-et-Th-Traval-de-lacteur.jpg\"><img loading=\"lazy\" class=\"alignleft wp-image-1448\" src=\"http:\/\/wordpress.missgriff.org\/wp-content\/uploads\/2017\/11\/Art-et-Th-Traval-de-lacteur.jpg\" alt=\"\" width=\"83\" height=\"83\" srcset=\"http:\/\/wordpress.missgriff.org\/wp-content\/uploads\/2017\/11\/Art-et-Th-Traval-de-lacteur.jpg 2432w, http:\/\/wordpress.missgriff.org\/wp-content\/uploads\/2017\/11\/Art-et-Th-Traval-de-lacteur-2000x2000.jpg 2000w, http:\/\/wordpress.missgriff.org\/wp-content\/uploads\/2017\/11\/Art-et-Th-Traval-de-lacteur-768x767.jpg 768w, http:\/\/wordpress.missgriff.org\/wp-content\/uploads\/2017\/11\/Art-et-Th-Traval-de-lacteur-830x829.jpg 830w, http:\/\/wordpress.missgriff.org\/wp-content\/uploads\/2017\/11\/Art-et-Th-Traval-de-lacteur-230x230.jpg 230w, http:\/\/wordpress.missgriff.org\/wp-content\/uploads\/2017\/11\/Art-et-Th-Traval-de-lacteur-350x350.jpg 350w, http:\/\/wordpress.missgriff.org\/wp-content\/uploads\/2017\/11\/Art-et-Th-Traval-de-lacteur-480x480.jpg 480w\" sizes=\"(max-width: 83px) 100vw, 83px\" \/><\/a><\/span><span style=\"color: #000000; font-size: 12pt; font-family: helvetica,arial,sans-serif;\"><strong><a href=\"http:\/\/missgriff.org\/wp-content\/uploads\/2017\/10\/art-et-therapie-numero-15-faire-face.pdf\" target=\"_blank\" rel=\"noopener\"><span style=\"color: #ff00ff;\"> \u00ab Faire face \u00bb<\/span><\/a><br \/>\n<a href=\"http:\/\/missgriff.org\/wp-content\/uploads\/2017\/10\/art-et-therapie-numero-15-volonte-magie.pdf\" target=\"_blank\" rel=\"noopener\"><span style=\"color: #ff00ff;\">&nbsp;\u00ab Volont\u00e9 et Magie \u00bb<\/span><\/a><\/strong><br \/>\n<strong>TRAVAIL DE L\u2019ACTEUR<\/strong> &#8211; Revue Art et Th\u00e9rapie n\u00b0 15<\/span><span style=\"color: #000000; font-size: 12pt; font-family: helvetica,arial,sans-serif;\"><strong><strong><br \/>\n<\/strong><\/strong><em>Juillet 1985<\/em><strong><strong><br \/>\n<\/strong><\/strong><\/span><\/p>\n<p><img loading=\"lazy\" class=\"wp-image-2174 size-full alignnone\" src=\"http:\/\/wordpress.missgriff.org\/wp-content\/uploads\/2018\/01\/triangle-jaune.jpg\" alt=\"\" width=\"1045\" height=\"432\" srcset=\"http:\/\/wordpress.missgriff.org\/wp-content\/uploads\/2018\/01\/triangle-jaune.jpg 1045w, http:\/\/wordpress.missgriff.org\/wp-content\/uploads\/2018\/01\/triangle-jaune-768x317.jpg 768w, http:\/\/wordpress.missgriff.org\/wp-content\/uploads\/2018\/01\/triangle-jaune-830x343.jpg 830w, http:\/\/wordpress.missgriff.org\/wp-content\/uploads\/2018\/01\/triangle-jaune-230x95.jpg 230w, http:\/\/wordpress.missgriff.org\/wp-content\/uploads\/2018\/01\/triangle-jaune-350x145.jpg 350w, http:\/\/wordpress.missgriff.org\/wp-content\/uploads\/2018\/01\/triangle-jaune-480x198.jpg 480w\" sizes=\"(max-width: 1045px) 100vw, 1045px\" \/><\/p>\n","protected":false},"excerpt":{"rendered":"<p>LE VOYAGE IMAGINAIRE (le jeu m\u00e9taphore)&nbsp; L&rsquo;EXERCICE EN ART-THERAPIE ET EN MEDIATIONS ARTISTIQUES Revue art et th\u00e9rapie n\u00b0 98 \/ 99 F\u00e9vrier 2008 &nbsp; LE VOYAGE DU RIEN L&rsquo;OEUVRE DU REGARD Revue art th\u00e9rapie n\u00b0 89 D\u00e9cembre 2004 &nbsp; LA PRISON &#8211; M\u00c9TAPHORE EN PRISON &#8211; Revue art et th\u00e9rapie n\u00b0 84 \/ 85 D\u00e9cembre [&hellip;]<\/p>\n","protected":false},"author":1,"featured_media":0,"parent":0,"menu_order":0,"comment_status":"closed","ping_status":"closed","template":"","meta":{"ngg_post_thumbnail":0},"_links":{"self":[{"href":"http:\/\/wordpress.missgriff.org\/index.php?rest_route=\/wp\/v2\/pages\/118"}],"collection":[{"href":"http:\/\/wordpress.missgriff.org\/index.php?rest_route=\/wp\/v2\/pages"}],"about":[{"href":"http:\/\/wordpress.missgriff.org\/index.php?rest_route=\/wp\/v2\/types\/page"}],"author":[{"embeddable":true,"href":"http:\/\/wordpress.missgriff.org\/index.php?rest_route=\/wp\/v2\/users\/1"}],"replies":[{"embeddable":true,"href":"http:\/\/wordpress.missgriff.org\/index.php?rest_route=%2Fwp%2Fv2%2Fcomments&post=118"}],"version-history":[{"count":195,"href":"http:\/\/wordpress.missgriff.org\/index.php?rest_route=\/wp\/v2\/pages\/118\/revisions"}],"predecessor-version":[{"id":2351,"href":"http:\/\/wordpress.missgriff.org\/index.php?rest_route=\/wp\/v2\/pages\/118\/revisions\/2351"}],"wp:attachment":[{"href":"http:\/\/wordpress.missgriff.org\/index.php?rest_route=%2Fwp%2Fv2%2Fmedia&parent=118"}],"curies":[{"name":"wp","href":"https:\/\/api.w.org\/{rel}","templated":true}]}}