{"id":100,"date":"2017-04-03T12:55:26","date_gmt":"2017-04-03T10:55:26","guid":{"rendered":"http:\/\/wordpress.missgriff.org\/?page_id=100"},"modified":"2021-11-10T15:38:24","modified_gmt":"2021-11-10T14:38:24","slug":"pap","status":"publish","type":"page","link":"http:\/\/wordpress.missgriff.org\/?page_id=100","title":{"rendered":"Laboratoire Personne Acteur Personnage"},"content":{"rendered":"<div class=\"csRow\">\n<p style=\"text-align: justify;\"><span style=\"font-family: helvetica,arial,sans-serif;\"><img loading=\"lazy\" class=\"size-full wp-image-1983 alignnone\" src=\"http:\/\/wordpress.missgriff.org\/wp-content\/uploads\/2017\/12\/titpap_1.jpg\" alt=\"\" width=\"364\" height=\"177\" srcset=\"http:\/\/wordpress.missgriff.org\/wp-content\/uploads\/2017\/12\/titpap_1.jpg 364w, http:\/\/wordpress.missgriff.org\/wp-content\/uploads\/2017\/12\/titpap_1-230x112.jpg 230w, http:\/\/wordpress.missgriff.org\/wp-content\/uploads\/2017\/12\/titpap_1-350x170.jpg 350w\" sizes=\"(max-width: 364px) 100vw, 364px\" \/><\/span><\/p>\n<p style=\"text-align: left;\"><span style=\"font-family: helvetica,arial,sans-serif;\"><img loading=\"lazy\" class=\"size-full wp-image-1963 alignnone\" src=\"http:\/\/wordpress.missgriff.org\/wp-content\/uploads\/2017\/12\/bandjaun.jpg\" alt=\"\" width=\"1045\" height=\"20\" srcset=\"http:\/\/wordpress.missgriff.org\/wp-content\/uploads\/2017\/12\/bandjaun.jpg 1045w, http:\/\/wordpress.missgriff.org\/wp-content\/uploads\/2017\/12\/bandjaun-768x15.jpg 768w, http:\/\/wordpress.missgriff.org\/wp-content\/uploads\/2017\/12\/bandjaun-830x16.jpg 830w, http:\/\/wordpress.missgriff.org\/wp-content\/uploads\/2017\/12\/bandjaun-230x4.jpg 230w, http:\/\/wordpress.missgriff.org\/wp-content\/uploads\/2017\/12\/bandjaun-350x7.jpg 350w, http:\/\/wordpress.missgriff.org\/wp-content\/uploads\/2017\/12\/bandjaun-480x9.jpg 480w\" sizes=\"(max-width: 1045px) 100vw, 1045px\" \/><\/span><span style=\"color: #800080; font-size: 14pt;\"><strong><span style=\"font-family: helvetica,arial,sans-serif;\"><span style=\"font-size: 12pt;\"><a href=\"http:\/\/wordpress.missgriff.org\/wp-content\/uploads\/2021\/11\/PAP-Labo-22_bd.pdf\" target=\"_blank\" rel=\"noopener\"><img loading=\"lazy\" class=\"alignleft wp-image-2554\" src=\"http:\/\/wordpress.missgriff.org\/wp-content\/uploads\/2021\/11\/PAP-Labo-22_bd-pdf.jpg\" alt=\"\" width=\"245\" height=\"347\"><\/a><\/span>QUEL TH\u00c9\u00c2TRE NOUS EST N\u00c9CESSAIRE ?<br \/>\n<\/span><\/strong><\/span><\/p>\n<p style=\"text-align: left;\"><span style=\"font-family: helvetica,arial,sans-serif; font-size: 14pt; color: #800080;\"><strong>LA D\u00c9MARCHE \u00ab PERSONNE \/ ACTEUR \/ PERSONNAGE \u00bb S\u2019APPUIE SUR UN TRAVAIL DE RECHERCHE EN CR\u00c9ATION DRAMATIQUE \u00c9LABOR\u00c9 PAR NICOLE CHARPAIL DEPUIS 1985, FAISANT L\u2019OBJET D\u2019UNE TH\u00c9ORISATION ET DE PLUSIEURS PUBLICATIONS.<br \/>\nELLE EST EXP\u00c9RIMENT\u00c9E PAR MISSGRIFF ASSOCIATION (COMPAGNIE TH\u00c9\u00c2TRALE DEPUIS 1991)&nbsp; DANS LE CADRE D&rsquo;UN LABORATOIRE DE CR\u00c9ATION CROISANT VOLONTAIREMENT DES ARTISTES&nbsp; PROFESSIONNELS&nbsp;ET AMATEURS.<\/strong><\/span><span style=\"font-family: helvetica,arial,sans-serif;\"><img loading=\"lazy\" class=\"size-full wp-image-1963 alignnone\" src=\"http:\/\/wordpress.missgriff.org\/wp-content\/uploads\/2017\/12\/bandjaun.jpg\" alt=\"\" width=\"1045\" height=\"20\" srcset=\"http:\/\/wordpress.missgriff.org\/wp-content\/uploads\/2017\/12\/bandjaun.jpg 1045w, http:\/\/wordpress.missgriff.org\/wp-content\/uploads\/2017\/12\/bandjaun-768x15.jpg 768w, http:\/\/wordpress.missgriff.org\/wp-content\/uploads\/2017\/12\/bandjaun-830x16.jpg 830w, http:\/\/wordpress.missgriff.org\/wp-content\/uploads\/2017\/12\/bandjaun-230x4.jpg 230w, http:\/\/wordpress.missgriff.org\/wp-content\/uploads\/2017\/12\/bandjaun-350x7.jpg 350w, http:\/\/wordpress.missgriff.org\/wp-content\/uploads\/2017\/12\/bandjaun-480x9.jpg 480w\" sizes=\"(max-width: 1045px) 100vw, 1045px\" \/><\/span><\/p>\nngg_shortcode_0_placeholder\n<p style=\"text-align: justify;\"><span style=\"font-family: helvetica,arial,sans-serif;\"><img loading=\"lazy\" class=\"size-full wp-image-1963 alignnone\" src=\"http:\/\/wordpress.missgriff.org\/wp-content\/uploads\/2017\/12\/bandjaun.jpg\" alt=\"\" width=\"1045\" height=\"20\" srcset=\"http:\/\/wordpress.missgriff.org\/wp-content\/uploads\/2017\/12\/bandjaun.jpg 1045w, http:\/\/wordpress.missgriff.org\/wp-content\/uploads\/2017\/12\/bandjaun-768x15.jpg 768w, http:\/\/wordpress.missgriff.org\/wp-content\/uploads\/2017\/12\/bandjaun-830x16.jpg 830w, http:\/\/wordpress.missgriff.org\/wp-content\/uploads\/2017\/12\/bandjaun-230x4.jpg 230w, http:\/\/wordpress.missgriff.org\/wp-content\/uploads\/2017\/12\/bandjaun-350x7.jpg 350w, http:\/\/wordpress.missgriff.org\/wp-content\/uploads\/2017\/12\/bandjaun-480x9.jpg 480w\" sizes=\"(max-width: 1045px) 100vw, 1045px\" \/><\/span><\/p>\n<\/div>\n<p style=\"text-align: justify;\"><span style=\"font-family: andale mono,monospace; font-size: 12pt; color: #800080;\"><strong><span style=\"font-family: helvetica,arial,sans-serif;\"><span style=\"font-size: 14pt;\">\u00c0 QUI S&rsquo;ADRESSE LE LABORATOIRE ?<\/span><br \/>\n<\/span><\/strong><\/span><\/p>\n<p><span style=\"color: #000000;\"><span style=\"font-family: helvetica, arial, sans-serif;\">Il<i> <\/i>s\u2019adresse \u00e0 celles et ceux qui ont un projet personnel de cr\u00e9ation dramatique dont ils d\u00e9sirent aussi \u00eatre l\u2019interpr\u00e8te et dans lequel leur <i>personne<\/i> se trouve fortement impliqu\u00e9e<i>.<br \/>\n<\/i><\/span><span style=\"font-family: helvetica, arial, sans-serif;\">La d\u00e9marche \u00ab&nbsp;Personne \u2192 Acteur \u2192 Personnage&nbsp;\u00bb accompagne en effet sp\u00e9cifiquement ce processus par lequel LA PERSONNE, \u00e0 partir de son propre questionnement existentiel et social, devient <i>auteur<\/i>, <i>acteur<\/i> puis <i>personnage<\/i> protagoniste d\u2019une cr\u00e9ation dramaturgique.<\/span><\/span><\/p>\n<p><span style=\"font-family: helvetica, arial, sans-serif;\">Ce laboratoire peut concerner des personnes pour qui ce projet n\u2019est encore qu\u2019\u00e0 l\u2019\u00e9tat de d\u00e9sir (tout est \u00e0 faire) ou en recherche d\u2019une \u00e9criture d\u00e9j\u00e0 en travail.<br \/>\n<\/span><span style=\"font-family: helvetica, arial, sans-serif;\">Cette \u00e9criture peut \u00eatre totalement personnelle ou souhaiter emprunter \u00e0 des ouvrages ext\u00e9rieurs \u00e0 soi. Le projet peut \u00eatre pluridisciplinaire. Il n\u2019est pas obligatoirement de l\u2019ordre du \u00ab&nbsp;seul en sc\u00e8ne&nbsp;\u00bb et peut impliquer plusieurs acteurs, mais dans tous les cas et pour le moins dans ce cadre, son initiateur souhaite \u00e9prouver depuis la sc\u00e8ne ce qu\u2019il veut \u00ab&nbsp;mettre en sc\u00e8ne&nbsp;\u00bb.<\/span><\/p>\n<p><span style=\"color: #000000;\"><span style=\"font-family: helvetica, arial, sans-serif;\">Cet espace s\u2019adresse volontairement aussi bien \u00e0 des artistes professionnels, des amateurs ou des personnes totalement \u00ab&nbsp;novices&nbsp;\u00bb. Nous sommes en effet convaincus que l\u2019interaction entre ces diff\u00e9rents publics est source d\u2019enrichissement pour le travail de chacun comme pour la d\u00e9couverte commune du <i>\u00ab th\u00e9\u00e2tre qui nous est n\u00e9cessaire&nbsp;\u00bb.<br \/>\n<\/i><\/span><span style=\"font-family: helvetica, arial, sans-serif;\">Le pr\u00e9requis pour y participer est donc avant tout une n\u00e9cessit\u00e9 forte, le d\u00e9sir d\u2019une recherche autorisant des exp\u00e9riences plurielles et impliquant le groupe en travail.<br \/>\n<\/span><span style=\"font-family: helvetica, arial, sans-serif;\">Il appartient \u00e0 chacun de souhaiter poursuivre sa r\u00e9alisation \u00e0 l\u2019ext\u00e9rieur du laboratoire ou de s\u2019en tenir \u00e0 l\u2019exp\u00e9rience v\u00e9cue dans celui-ci.<\/span><\/span><\/p>\n<p><span style=\"font-family: helvetica, arial, sans-serif;\"><b>P\u00e9riodicit\u00e9&nbsp;:<br \/>\n<\/b><span style=\"color: #ff00ff;\"><a style=\"color: #ff00ff;\" href=\"http:\/\/wordpress.missgriff.org\/?page_id=1434\">VOIR Dates et lieux 2021 \u00e0 ACTUALIT\u00c9S et sur plaquette.<\/a><\/span><\/span><\/p>\n<p style=\"text-align: justify;\"><img loading=\"lazy\" class=\"size-full wp-image-1967 alignnone\" src=\"http:\/\/wordpress.missgriff.org\/wp-content\/uploads\/2017\/12\/bandnoir.jpg\" alt=\"\" width=\"1045\" height=\"10\" srcset=\"http:\/\/wordpress.missgriff.org\/wp-content\/uploads\/2017\/12\/bandnoir.jpg 1045w, http:\/\/wordpress.missgriff.org\/wp-content\/uploads\/2017\/12\/bandnoir-768x7.jpg 768w, http:\/\/wordpress.missgriff.org\/wp-content\/uploads\/2017\/12\/bandnoir-830x8.jpg 830w, http:\/\/wordpress.missgriff.org\/wp-content\/uploads\/2017\/12\/bandnoir-230x2.jpg 230w, http:\/\/wordpress.missgriff.org\/wp-content\/uploads\/2017\/12\/bandnoir-350x3.jpg 350w, http:\/\/wordpress.missgriff.org\/wp-content\/uploads\/2017\/12\/bandnoir-480x5.jpg 480w\" sizes=\"(max-width: 1045px) 100vw, 1045px\" \/><br \/>\n<span style=\"font-family: helvetica,arial,sans-serif; font-size: 12pt;\"><span style=\"font-size: 10pt;\"><span style=\"color: #000000; font-family: arial black,sans-serif; font-size: 12pt;\">&gt;&gt;&gt;<\/span> <a href=\"http:\/\/missgriff.org\/wp-content\/uploads\/2018\/01\/voyage-acteur-yvan.pdf\" target=\"_blank\" rel=\"noopener\"><span style=\"color: #ff00ff;\">VOIR UN REGARD D&rsquo;ACTEUR PORT\u00c9 SUR L&rsquo;ATELIER<\/span><\/a><\/span> <span style=\"font-size: 8pt;\"><em>par Yvan Serrouge<\/em><\/span><br \/>\n<span style=\"font-family: arial black,sans-serif;\">&gt;&gt;&gt;<\/span> <a href=\"http:\/\/wordpress.missgriff.org\/wp-content\/uploads\/2021\/11\/PAP-Labo-22_bd.pdf\" target=\"_blank\" rel=\"noopener\"><span style=\"color: #ff00ff; font-size: 10pt;\">VOIR LA PLAQUETTE LABORATOIRE \u00ab\u00a0PAP\u00a0\u00bb<\/span><\/a><\/span><br \/>\n<span style=\"font-family: helvetica,arial,sans-serif; font-size: 10pt;\"><span style=\"font-family: arial black,sans-serif; font-size: 12pt;\"> &gt;&gt;&gt;<\/span> <a href=\"http:\/\/missgriff.org\/wp-content\/uploads\/2017\/05\/menu-pap-details-methodologies-artistiques-.pdf\" target=\"_blank\" rel=\"noopener\"><span style=\"color: #ff00ff;\">VOIR D\u00c9TAILS DES M\u00c9THODOLOGIES ARTISTIQUES \u00ab\u00a0PAP\u00a0\u00bb<\/span><\/a><br \/>\n<\/span><span style=\"font-family: helvetica,arial,sans-serif; font-size: 10pt;\"><span style=\"color: #000000; font-size: 12pt; font-family: arial black,sans-serif;\">&gt;&gt;&gt; <\/span><a href=\"http:\/\/missgriff.org\/?page_id=120\" target=\"_blank\" rel=\"noopener\"><span style=\"color: #ff00ff;\">VOIR FILMOGRAPHIE \u00ab\u00a0PAP\u00a0\u00bb<\/span><\/a><br \/>\n<\/span><\/p>\n<p style=\"text-align: justify;\"><span style=\"font-family: helvetica,arial,sans-serif;\"><img loading=\"lazy\" class=\"wp-image-2174 size-full alignnone\" src=\"http:\/\/wordpress.missgriff.org\/wp-content\/uploads\/2018\/01\/triangle-jaune.jpg\" alt=\"\" width=\"1045\" height=\"432\" srcset=\"http:\/\/wordpress.missgriff.org\/wp-content\/uploads\/2018\/01\/triangle-jaune.jpg 1045w, http:\/\/wordpress.missgriff.org\/wp-content\/uploads\/2018\/01\/triangle-jaune-768x317.jpg 768w, http:\/\/wordpress.missgriff.org\/wp-content\/uploads\/2018\/01\/triangle-jaune-830x343.jpg 830w, http:\/\/wordpress.missgriff.org\/wp-content\/uploads\/2018\/01\/triangle-jaune-230x95.jpg 230w, http:\/\/wordpress.missgriff.org\/wp-content\/uploads\/2018\/01\/triangle-jaune-350x145.jpg 350w, http:\/\/wordpress.missgriff.org\/wp-content\/uploads\/2018\/01\/triangle-jaune-480x198.jpg 480w\" sizes=\"(max-width: 1045px) 100vw, 1045px\" \/><\/span><\/p>\n","protected":false},"excerpt":{"rendered":"<p>QUEL TH\u00c9\u00c2TRE NOUS EST N\u00c9CESSAIRE ? LA D\u00c9MARCHE \u00ab PERSONNE \/ ACTEUR \/ PERSONNAGE \u00bb S\u2019APPUIE SUR UN TRAVAIL DE RECHERCHE EN CR\u00c9ATION DRAMATIQUE \u00c9LABOR\u00c9 PAR NICOLE CHARPAIL DEPUIS 1985, FAISANT L\u2019OBJET D\u2019UNE TH\u00c9ORISATION ET DE PLUSIEURS PUBLICATIONS. ELLE EST EXP\u00c9RIMENT\u00c9E PAR MISSGRIFF ASSOCIATION (COMPAGNIE TH\u00c9\u00c2TRALE DEPUIS 1991)&nbsp; DANS LE CADRE D&rsquo;UN LABORATOIRE DE CR\u00c9ATION [&hellip;]<\/p>\n","protected":false},"author":1,"featured_media":0,"parent":0,"menu_order":0,"comment_status":"closed","ping_status":"closed","template":"","meta":{"ngg_post_thumbnail":0},"_links":{"self":[{"href":"http:\/\/wordpress.missgriff.org\/index.php?rest_route=\/wp\/v2\/pages\/100"}],"collection":[{"href":"http:\/\/wordpress.missgriff.org\/index.php?rest_route=\/wp\/v2\/pages"}],"about":[{"href":"http:\/\/wordpress.missgriff.org\/index.php?rest_route=\/wp\/v2\/types\/page"}],"author":[{"embeddable":true,"href":"http:\/\/wordpress.missgriff.org\/index.php?rest_route=\/wp\/v2\/users\/1"}],"replies":[{"embeddable":true,"href":"http:\/\/wordpress.missgriff.org\/index.php?rest_route=%2Fwp%2Fv2%2Fcomments&post=100"}],"version-history":[{"count":165,"href":"http:\/\/wordpress.missgriff.org\/index.php?rest_route=\/wp\/v2\/pages\/100\/revisions"}],"predecessor-version":[{"id":2556,"href":"http:\/\/wordpress.missgriff.org\/index.php?rest_route=\/wp\/v2\/pages\/100\/revisions\/2556"}],"wp:attachment":[{"href":"http:\/\/wordpress.missgriff.org\/index.php?rest_route=%2Fwp%2Fv2%2Fmedia&parent=100"}],"curies":[{"name":"wp","href":"https:\/\/api.w.org\/{rel}","templated":true}]}}